{"id":1652,"date":"2024-02-20T18:34:37","date_gmt":"2024-02-20T18:34:37","guid":{"rendered":"https:\/\/io3group.com\/contacto\/"},"modified":"2025-08-05T15:37:50","modified_gmt":"2025-08-05T15:37:50","slug":"contacto","status":"publish","type":"page","link":"https:\/\/io3group.com\/es\/contacto\/","title":{"rendered":"Contacto"},"content":{"rendered":"<div class=\"gb-container gb-container-1fe0015e\">\n<div class=\"gb-container gb-container-41f500f0\">\n<div class=\"gb-container gb-container-62e861b0\">\n\n<h3 class=\"gb-headline gb-headline-46d1f0ee gb-headline-text\">HABLEMOS<\/h3>\n\n\n\n<h2 class=\"gb-headline gb-headline-8b55dcad gb-headline-text\">\u00bfQuieres saber como podemos ayudarte?<\/h2>\n\n\n\n<p class=\"gb-headline gb-headline-d657bd55 gb-headline-text\">Si crees que podemos echarte una mano al mejorar la gesti\u00f3n de tu negocio, no lo dudes, escr\u00edbenos o ll\u00e1manos y ponemos fecha a una reuni\u00f3n sin compromiso. Todos los grandes cambios empezamos con un peque\u00f1o paso. Y este puede ser el tuyo.<\/p>\n\n\n<div class=\"gb-container gb-container-798ee6d9\">\n<div class=\"gb-grid-wrapper gb-grid-wrapper-71de7e59\">\n<div class=\"gb-grid-column gb-grid-column-d8224cce\"><div class=\"gb-container gb-container-d8224cce\">\n\n<div class=\"gb-headline gb-headline-e389aac0\"><span class=\"gb-icon\"><svg xmlns=\"http:\/\/www.w3.org\/2000\/svg\" aria-hidden=\"true\" role=\"img\" height=\"1em\" width=\"1em\" viewbox=\"0 0 512 512\"><path fill=\"currentColor\" d=\"M464 64H48C21.49 64 0 85.49 0 112v288c0 26.51 21.49 48 48 48h416c26.51 0 48-21.49 48-48V112c0-26.51-21.49-48-48-48zm0 48v40.805c-22.422 18.259-58.168 46.651-134.587 106.49-16.841 13.247-50.201 45.072-73.413 44.701-23.208.375-56.579-31.459-73.413-44.701C106.18 199.465 70.425 171.067 48 152.805V112h416zM48 400V214.398c22.914 18.251 55.409 43.862 104.938 82.646 21.857 17.205 60.134 55.186 103.062 54.955 42.717.231 80.509-37.199 103.053-54.947 49.528-38.783 82.032-64.401 104.947-82.653V400H48z\"><\/path><\/svg><\/span><\/div>\n\n\n<div class=\"gb-container gb-container-19662e99\">\n\n<h5 class=\"gb-headline gb-headline-a344a987 gb-headline-text\">Escr\u00edbenos<\/h5>\n\n\n\n<div class=\"gb-headline gb-headline-f06ee526 gb-headline-text\"><a href=\"administracio@io3group.com\">administracio@io3group.com<\/a><\/div>\n\n<\/div>\n<\/div><\/div>\n\n<div class=\"gb-grid-column gb-grid-column-bd40c281\"><div class=\"gb-container gb-container-bd40c281\">\n\n<div class=\"gb-headline gb-headline-8b793067\"><span class=\"gb-icon\"><svg xmlns=\"http:\/\/www.w3.org\/2000\/svg\" aria-hidden=\"true\" role=\"img\" height=\"1em\" width=\"1em\" viewbox=\"0 0 512 512\"><path fill=\"currentColor\" d=\"M493.4 24.6l-104-24c-11.3-2.6-22.9 3.3-27.5 13.9l-48 112c-4.2 9.8-1.4 21.3 6.9 28l60.6 49.6c-36 76.7-98.9 140.5-177.2 177.2l-49.6-60.6c-6.8-8.3-18.2-11.1-28-6.9l-112 48C3.9 366.5-2 378.1.6 389.4l24 104C27.1 504.2 36.7 512 48 512c256.1 0 464-207.5 464-464 0-11.2-7.7-20.9-18.6-23.4z\"><\/path><\/svg><\/span><\/div>\n\n\n<div class=\"gb-container gb-container-9dd94eab\">\n\n<h5 class=\"gb-headline gb-headline-b656cf43 gb-headline-text\">Ll\u00e1manos<\/h5>\n\n\n\n<div class=\"gb-headline gb-headline-761b1aa0 gb-headline-text\"><a href=\"tel:+180088800\">(+34) 9<\/a><a href=\"tel:+34931790676\">3<\/a><a href=\"tel:+180088800\">1 790 676<\/a><\/div>\n\n<\/div>\n<\/div><\/div>\n<\/div>\n<\/div>\n\n<div class=\"gb-container gb-container-ece7a8c0\"><\/div>\n<\/div>\n<\/div>\n<\/div>\n<p><\/p>\n","protected":false},"excerpt":{"rendered":"<p>HABLEMOS \u00bfQuieres saber como podemos ayudarte? Si crees que podemos echarte una mano al mejorar la gesti\u00f3n de tu negocio, no lo dudes, escr\u00edbenos o ll\u00e1manos y ponemos fecha a una reuni\u00f3n sin compromiso. Todos los grandes cambios empezamos con un peque\u00f1o paso. Y este puede ser el tuyo.<\/p>\n","protected":false},"author":1,"featured_media":0,"parent":0,"menu_order":0,"comment_status":"closed","ping_status":"closed","template":"","meta":{"inline_featured_image":false,"footnotes":""},"class_list":["post-1652","page","type-page","status-publish"],"_links":{"self":[{"href":"https:\/\/io3group.com\/es\/wp-json\/wp\/v2\/pages\/1652","targetHints":{"allow":["GET"]}}],"collection":[{"href":"https:\/\/io3group.com\/es\/wp-json\/wp\/v2\/pages"}],"about":[{"href":"https:\/\/io3group.com\/es\/wp-json\/wp\/v2\/types\/page"}],"author":[{"embeddable":true,"href":"https:\/\/io3group.com\/es\/wp-json\/wp\/v2\/users\/1"}],"replies":[{"embeddable":true,"href":"https:\/\/io3group.com\/es\/wp-json\/wp\/v2\/comments?post=1652"}],"version-history":[{"count":5,"href":"https:\/\/io3group.com\/es\/wp-json\/wp\/v2\/pages\/1652\/revisions"}],"predecessor-version":[{"id":1786,"href":"https:\/\/io3group.com\/es\/wp-json\/wp\/v2\/pages\/1652\/revisions\/1786"}],"wp:attachment":[{"href":"https:\/\/io3group.com\/es\/wp-json\/wp\/v2\/media?parent=1652"}],"curies":[{"name":"wp","href":"https:\/\/api.w.org\/{rel}","templated":true}]}}