{"id":1770,"date":"2024-09-24T15:24:27","date_gmt":"2024-09-24T15:24:27","guid":{"rendered":"https:\/\/io3group.com\/nosotros\/"},"modified":"2025-08-05T15:37:15","modified_gmt":"2025-08-05T15:37:15","slug":"nosotros","status":"publish","type":"page","link":"https:\/\/io3group.com\/es\/nosotros\/","title":{"rendered":"Nosotros"},"content":{"rendered":"<div class=\"gb-container gb-container-42c3c3f4\">\n<div class=\"gb-container gb-container-6c048740\">\n<div class=\"gb-container gb-container-cba47ebe\">\n<div class=\"gb-container gb-container-7603a9ec\">\n\n<h3 class=\"gb-headline gb-headline-e894bb7b gb-headline-text\">LA EMPRESA<\/h3>\n\n\n\n<h2 class=\"gb-headline gb-headline-8c3236cc gb-headline-text\">Consideramos que el valor m\u00e1s importante es el propio cliente.<\/h2>\n\n<\/div>\n\n<div class=\"gb-container gb-container-12892660\">\n\n<p style=\"font-style:normal;font-weight:400\">Io3group se distingue como una empresa especializada en la integraci\u00f3n de sistemas y soluciones tecnol\u00f3gicas. Con m\u00e1s de 20 a\u00f1os de \u201cexperiencia digitalizando diversos sectores, destacamos especialmente en los \u00e1mbitos de\u201d Hosteler\u00eda y Retail. Ofrecemos a nuestros clientes soluciones personalizadas respaldadas por la destacada gama de productos HIOPOS.   <\/p>\n\n<\/div>\n<\/div>\n\n<div class=\"gb-container gb-container-55561006\">\n<div class=\"gb-container gb-container-2b58aca8\">\n<div class=\"wp-block-image\">\n<figure class=\"aligncenter size-full\"><img loading=\"lazy\" decoding=\"async\" width=\"1126\" height=\"630\" src=\"https:\/\/io3group.com\/wp-content\/uploads\/2024\/09\/louis-hansel-wVoP_Q2Bg_A-unsplash.jpg\" alt=\"\" class=\"wp-image-806\" srcset=\"https:\/\/io3group.com\/wp-content\/uploads\/2024\/09\/louis-hansel-wVoP_Q2Bg_A-unsplash.jpg 1126w, https:\/\/io3group.com\/wp-content\/uploads\/2024\/09\/louis-hansel-wVoP_Q2Bg_A-unsplash-300x168.jpg 300w, https:\/\/io3group.com\/wp-content\/uploads\/2024\/09\/louis-hansel-wVoP_Q2Bg_A-unsplash-1024x573.jpg 1024w, https:\/\/io3group.com\/wp-content\/uploads\/2024\/09\/louis-hansel-wVoP_Q2Bg_A-unsplash-768x430.jpg 768w\" sizes=\"auto, (max-width: 1126px) 100vw, 1126px\" \/><\/figure>\n<\/div>\n<\/div>\n<\/div>\n<\/div>\n\n<div class=\"gb-container gb-container-36235db9\">\n<div class=\"gb-container gb-container-2484a341\">\n<div class=\"gb-container gb-container-66d19059\">\n\n<figure class=\"wp-block-image size-full\"><img loading=\"lazy\" decoding=\"async\" width=\"800\" height=\"539\" src=\"https:\/\/io3group.com\/wp-content\/uploads\/2024\/09\/IMG_Meeting.jpg\" alt=\"\" class=\"wp-image-905\" srcset=\"https:\/\/io3group.com\/wp-content\/uploads\/2024\/09\/IMG_Meeting.jpg 800w, https:\/\/io3group.com\/wp-content\/uploads\/2024\/09\/IMG_Meeting-300x202.jpg 300w, https:\/\/io3group.com\/wp-content\/uploads\/2024\/09\/IMG_Meeting-768x517.jpg 768w\" sizes=\"auto, (max-width: 800px) 100vw, 800px\" \/><\/figure>\n\n<\/div>\n\n<div class=\"gb-container gb-container-0d2e9361\">\n\n<p style=\"font-size:20px;font-style:normal;font-weight:400\">Nuestra misi\u00f3n principal es guiar el proceso de transici\u00f3n tecnol\u00f3gica y acompa\u00f1ar a nuestros clientes durante la implementaci\u00f3n, asegurando el cumplimiento de sus objetivos y superando cualquier obst\u00e1culo que pueda surgir. Operamos en Andorra, Francia y Espa\u00f1a, con oficinas en Andorra y Barcelona. <br\/><br\/>Colaboramos estrechamente con diversas empresas del pa\u00eds, proporcionando un amplio espectro de soluciones que abarcan desde la implementaci\u00f3n f\u00edsica y l\u00f3gica de la infraestructura hasta hardware, software, comunicaciones y asesoramiento. En io3group, adaptamos nuestro enfoque a las necesidades espec\u00edficas de cada cliente. <\/p>\n\n<\/div>\n<\/div>\n<\/div>\n\n<div class=\"gb-container gb-container-8b222cf6\">\n<div class=\"gb-container gb-container-9da95ce4\">\n<div class=\"gb-container gb-container-acd24549\">\n\n<p style=\"font-size:20px;font-style:normal;font-weight:400\">Consideramos que el valor m\u00e1s importante es el propio cliente. Nos identificamos con sus inquietudes, dudas y necesidades, empatizando para alcanzar el \u201cobjetivo supremo: su satisfacci\u00f3n. El\u201d equipo humano de io3group se compromete constantemente a ofrecer lo mejor de s\u00ed, mejorando continuamente la calidad de los servicios que brindamos y consolid\u00e1ndonos como l\u00edderes en la digitalizaci\u00f3n de negocios y tecnolog\u00eda.  <\/p>\n\n<\/div>\n\n<div class=\"gb-container gb-container-a903234b\">\n\n<figure class=\"gb-block-image gb-block-image-9d32909e\"><img loading=\"lazy\" decoding=\"async\" width=\"540\" height=\"423\" class=\"gb-image gb-image-9d32909e\" src=\"https:\/\/io3group.com\/wp-content\/uploads\/2024\/09\/image-52.jpg\" alt=\"\" title=\"image 52\" srcset=\"https:\/\/io3group.com\/wp-content\/uploads\/2024\/09\/image-52.jpg 540w, https:\/\/io3group.com\/wp-content\/uploads\/2024\/09\/image-52-300x235.jpg 300w\" sizes=\"auto, (max-width: 540px) 100vw, 540px\" \/><\/figure>\n\n<\/div>\n<\/div>\n<\/div>\n<\/div>","protected":false},"excerpt":{"rendered":"<p>LA EMPRESA Consideramos que el valor m\u00e1s importante es el propio cliente. Io3group se distingue como una empresa especializada en la integraci\u00f3n de sistemas y soluciones tecnol\u00f3gicas. Con m\u00e1s de 20 a\u00f1os de \u201cexperiencia digitalizando diversos sectores, destacamos especialmente en los \u00e1mbitos de\u201d Hosteler\u00eda y Retail. Ofrecemos a nuestros clientes soluciones personalizadas respaldadas por la &#8230; <a title=\"Nosotros\" class=\"read-more\" href=\"https:\/\/io3group.com\/es\/nosotros\/\" aria-label=\"Leer m\u00e1s sobre Nosotros\">Leer m\u00e1s<\/a><\/p>\n","protected":false},"author":1,"featured_media":0,"parent":0,"menu_order":0,"comment_status":"closed","ping_status":"closed","template":"","meta":{"inline_featured_image":false,"footnotes":""},"class_list":["post-1770","page","type-page","status-publish"],"_links":{"self":[{"href":"https:\/\/io3group.com\/es\/wp-json\/wp\/v2\/pages\/1770","targetHints":{"allow":["GET"]}}],"collection":[{"href":"https:\/\/io3group.com\/es\/wp-json\/wp\/v2\/pages"}],"about":[{"href":"https:\/\/io3group.com\/es\/wp-json\/wp\/v2\/types\/page"}],"author":[{"embeddable":true,"href":"https:\/\/io3group.com\/es\/wp-json\/wp\/v2\/users\/1"}],"replies":[{"embeddable":true,"href":"https:\/\/io3group.com\/es\/wp-json\/wp\/v2\/comments?post=1770"}],"version-history":[{"count":1,"href":"https:\/\/io3group.com\/es\/wp-json\/wp\/v2\/pages\/1770\/revisions"}],"predecessor-version":[{"id":1771,"href":"https:\/\/io3group.com\/es\/wp-json\/wp\/v2\/pages\/1770\/revisions\/1771"}],"wp:attachment":[{"href":"https:\/\/io3group.com\/es\/wp-json\/wp\/v2\/media?parent=1770"}],"curies":[{"name":"wp","href":"https:\/\/api.w.org\/{rel}","templated":true}]}}