{"id":1776,"date":"2024-09-25T13:37:57","date_gmt":"2024-09-25T13:37:57","guid":{"rendered":"https:\/\/io3group.com\/soluciones\/"},"modified":"2025-08-05T15:37:32","modified_gmt":"2025-08-05T15:37:32","slug":"soluciones","status":"publish","type":"page","link":"https:\/\/io3group.com\/es\/soluciones\/","title":{"rendered":"Soluciones"},"content":{"rendered":"<div class=\"gb-container gb-container-29f7760a gbp-section\">\n<div class=\"gb-container gb-container-e7bd3569\">\n<div class=\"gb-container gb-container-09dd4ccd\">\n\n<h3 class=\"gb-headline gb-headline-996c0162 gb-headline-text gbp-section__headline\"><strong>Todas las herramientas que imaginas. Y alguna m\u00e1s. <\/strong><\/h3>\n\n\n\n<p><br\/>HIOPOS te \u201cofrece tantas opciones de configuraci\u00f3n como puedas imaginar. Desde sistemas muy sencillos basados pr\u00e1cticamente 100% en la nube, hasta un completo ecosistema que puede incluir cajas de\u201d autopago, TPVs, b\u00e1sculas e incluso robots de servicio. <\/p>\n\n\n\n<p><\/p>\n\n\n\n<p><\/p>\n\n\n<div class=\"gb-container gb-container-e1ccd00a\">\n\n<a class=\"gb-button gb-button-39f4ca56 gb-button-text gbp-button--primary boton_sin_fondo\" href=\"#\">M\u00e1s informaci\u00f3n<\/a>\n\n<\/div>\n<\/div>\n<\/div>\n\n<div class=\"gb-container gb-container-c85437d6 hero-image-fit\"><\/div>\n<\/div><div class=\"gb-container gb-container-ac7f30a6 pepe gbp-section\">\n<div class=\"gb-container gb-container-d50e18a4 gbp-section__inner\">\n<div class=\"gb-container gb-container-a411cb3b\">\n\n<h5 class=\"gb-headline gb-headline-2e225383 gb-headline-text\"><strong>GESTI\u00d3N DE RESERVAS<\/strong><\/h5>\n\n\n\n<h3 class=\"gb-headline gb-headline-5c83705b gb-headline-text gbp-section__headline\"><strong>Potencia tu negocio con el ecosistema m\u00e1s completo<\/strong><\/h3>\n\n\n\n<div class=\"gb-headline gb-headline-d329375b gb-headline-text gbp-section__text\">HIOPOS te ofrece hardware dise\u00f1ado para mejorar la gesti\u00f3n de los negocios en sectores como la hosteler\u00eda y el retail. Nuestros terminales punto de venta (TPV) son eficientes y r\u00e1pidos, con pantallas t\u00e1ctiles de alta calidad que facilitan la navegaci\u00f3n. Adem\u00e1s, el hardware es flexible y robusto, permitiendo una instalaci\u00f3n sencilla y garantizando un funcionamiento continuo incluso sin conexi\u00f3n a internet.   <br><br>HIOPOS proporciona herramientas potentes para optimizar recursos y aumentar la rentabilidad de tus establecimientos.<\/div>\n\n<\/div>\n\n<div class=\"gb-container gb-container-0920aac6\">\n<div class=\"gb-grid-wrapper gb-grid-wrapper-b577aa02\">\n<div class=\"gb-grid-column gb-grid-column-602165ea\"><div class=\"gb-container gb-container-602165ea\">\n\n<figure class=\"gb-block-image gb-block-image-35fcfe33\"><img loading=\"lazy\" decoding=\"async\" width=\"207\" height=\"261\" class=\"gb-image gb-image-35fcfe33\" src=\"https:\/\/io3group.com\/wp-content\/uploads\/2024\/09\/image-43.jpg\" alt=\"\" title=\"image 43\"\/><\/figure>\n\n<\/div><\/div>\n\n<div class=\"gb-grid-column gb-grid-column-247f4dda\"><div class=\"gb-container gb-container-247f4dda\">\n\n<figure class=\"gb-block-image gb-block-image-e60b521e\"><img loading=\"lazy\" decoding=\"async\" width=\"206\" height=\"157\" class=\"gb-image gb-image-e60b521e\" src=\"https:\/\/io3group.com\/wp-content\/uploads\/2024\/09\/image-45.jpg\" alt=\"\" title=\"image 45\"\/><\/figure>\n\n<\/div><\/div>\n\n<div class=\"gb-grid-column gb-grid-column-f57b9a3c\"><div class=\"gb-container gb-container-f57b9a3c\">\n\n<figure class=\"gb-block-image gb-block-image-b50833e5\"><img loading=\"lazy\" decoding=\"async\" width=\"427\" height=\"286\" class=\"gb-image gb-image-b50833e5\" src=\"https:\/\/io3group.com\/wp-content\/uploads\/2024\/09\/image-59.jpg\" alt=\"\" title=\"image 59\" srcset=\"https:\/\/io3group.com\/wp-content\/uploads\/2024\/09\/image-59.jpg 427w, https:\/\/io3group.com\/wp-content\/uploads\/2024\/09\/image-59-300x201.jpg 300w\" sizes=\"auto, (max-width: 427px) 100vw, 427px\" \/><\/figure>\n\n<\/div><\/div>\n<\/div>\n<\/div>\n<\/div>\n<\/div><div class=\"gb-container gb-container-9a206280 gbp-section\">\n<div class=\"gb-container gb-container-8fd48909\">\n<div class=\"gb-container gb-container-152e9ca3\">\n\n<h2 class=\"gb-headline gb-headline-aa2c575e gb-headline-text\"><strong>Puntos de venta<\/strong><\/h2>\n\n\n\n<p class=\"has-text-align-center\"><br\/><br\/>IO3 ofrece el TPV de HIOPOS que mejor se adapta a tu negocio. Estos terminales de punto de venta cuentan con un dise\u00f1o simple, elegante y moderno que encaja perfectamente en cualquier establecimiento. Sea cual sea el sector (hosteler\u00eda, retail, alimentaci\u00f3n&#8230;), con los TPV HIOPOS agiliza la gesti\u00f3n de tu negocio y ofrece un servicio de calidad a tus clientes, mejorando su experiencia de compra.  <\/p>\n\n<\/div>\n<\/div>\n<\/div><div class=\"gb-container gb-container-25a3d356 pepe gbp-section\">\n<div class=\"gb-container gb-container-e1ca34dd gbp-section__inner\">\n<div class=\"gb-container gb-container-c10fa4e1\">\n\n<h4 class=\"gb-headline gb-headline-2231501b gb-headline-text\"><strong>Pantalla de dependiente<\/strong><\/h4>\n\n\n\n<p>Pantalla capacitiva que facilita la navegaci\u00f3n y la realizaci\u00f3n de tareas, y puede detectar m\u00faltiples toques simult\u00e1neamente<\/p>\n\n\n\n<h4 class=\"gb-headline gb-headline-b60a3455 gb-headline-text\"><strong>Pantalla cliente<\/strong><\/h4>\n\n\n\n<p>Esta pantalla permite al cliente visualizar diferentes tipos de informaci\u00f3n, dependiendo de c\u00f3mo se configure.<\/p>\n\n\n\n<h4 class=\"gb-headline gb-headline-7f4f641d gb-headline-text\"><strong>M\u00e1s c\u00f3modo de usar<\/strong><\/h4>\n\n\n\n<p>Se puede ajustar la pantalla en un \u00e1ngulo que sea m\u00e1s c\u00f3modo, lo que reduce la fatiga visual y mejora la postura<\/p>\n\n\n\n<h4 class=\"gb-headline gb-headline-03a5e0bf gb-headline-text\"><strong>Adaptaci\u00f3n VESA<\/strong><\/h4>\n\n\n\n<p>Permite una f\u00e1cil instalaci\u00f3n en soportes de pared o brazos articulados, lo que proporciona una gran flexibilidad en el uso del espacio y la ergonom\u00eda.<\/p>\n\n<\/div>\n\n<div class=\"gb-container gb-container-f467cbea\">\n\n<figure class=\"gb-block-image gb-block-image-238e0d29\"><img loading=\"lazy\" decoding=\"async\" width=\"376\" height=\"575\" class=\"gb-image gb-image-238e0d29\" src=\"https:\/\/io3group.com\/wp-content\/uploads\/2024\/09\/image-39-e1727790888810.jpg\" alt=\"\" title=\"image 39\"\/><\/figure>\n\n<\/div>\n<\/div>\n<\/div><div class=\"gb-container gb-container-69f21a02 gbp-section\">\n<div class=\"gb-container gb-container-944a84ac\">\n<div class=\"gb-container gb-container-b15a578d\">\n\n<h2 class=\"gb-headline gb-headline-59594bcd gb-headline-text\"><strong>Quioscos<\/strong><\/h2>\n\n\n\n<p class=\"has-text-align-center has-base-3-color has-text-color has-link-color wp-elements-df611bedeb6d7a3908b44de71071dfcf\"><br\/><br\/>Los quioscos de \u201cautoservicio son dispositivos electr\u00f3nicos para la venta desatendida, donde el cliente puede hacer la compra por s\u00ed mismo. Trabajan de forma aut\u00f3noma y a cualquier hora, aumentando la rentabilidad, la productividad y mejorando la\u201d experiencia de compra del cliente <\/p>\n\n<\/div>\n<\/div>\n\n<div class=\"gb-container gb-container-e928fa64\">\n<div class=\"gb-container gb-container-abf346ff gbp-section__inner\">\n\n<figure class=\"gb-block-image gb-block-image-a3d199e6\"><img loading=\"lazy\" decoding=\"async\" width=\"427\" height=\"661\" class=\"gb-image gb-image-a3d199e6\" src=\"https:\/\/io3group.com\/wp-content\/uploads\/2024\/09\/image-36.jpg\" alt=\"\" title=\"image 36\" srcset=\"https:\/\/io3group.com\/wp-content\/uploads\/2024\/09\/image-36.jpg 427w, https:\/\/io3group.com\/wp-content\/uploads\/2024\/09\/image-36-194x300.jpg 194w\" sizes=\"auto, (max-width: 427px) 100vw, 427px\" \/><\/figure>\n\n\n<div class=\"gb-container gb-container-6f4d4bf1\">\n\n<h4 class=\"gb-headline gb-headline-20a7581c gb-headline-text\"><strong>Pedidos y pago con tarjeta o efectivo<\/strong><\/h4>\n\n\n\n<p>HIOPOS te \u201cofrece una serie de TPV para que puedas elegir el que mejor se\u201d adapta a tu negocio. Estos terminales de punto de venta cuentan con un dise\u00f1o simple, elegante y moderno que encaja perfectamente en cualquier establecimiento. Sea cual sea tu tipo de negocio: hosteler\u00eda, retail, alimentaci\u00f3n&#8230;  <\/p>\n\n\n\n<h4 class=\"gb-headline gb-headline-f1e81c0e gb-headline-text\"><strong>Self-checkout<\/strong><\/h4>\n\n\n\n<p>El hecho de permitir al cliente autogestionar el proceso de venta y de pago agiliza much\u00edsimo el flujo de pedidos y, adem\u00e1s de reducir la carga de trabajo del personal, mejora de manera sencilla pero eficiente la experiencia de los usuarios.<\/p>\n\n<\/div>\n<\/div>\n<\/div>\n<\/div><div class=\"gb-container gb-container-96958819 gbp-section\"><\/div><div class=\"gb-container gb-container-24c7beb9 pepe gbp-section\">\n<div class=\"gb-container gb-container-aee9e62f\">\n\n<h2 class=\"gb-headline gb-headline-c15c0826 gb-headline-text\"><strong>Handhelds<\/strong><\/h2>\n\n\n\n<p class=\"has-text-align-center\"><br\/>Los handhelds de HIOPOS permiten la movilidad dentro del negocio, mejorando la gesti\u00f3n de pedidos y agilizando el servicio a los clientes, especialmente \u00fatiles en sectores como la restauraci\u00f3n.<\/p>\n\n<\/div>\n\n<div class=\"gb-container gb-container-fbca3ac9 gbp-section__inner\">\n<div class=\"gb-container gb-container-a1236b9c\">\n\n<h4 class=\"gb-headline gb-headline-252cc5d8 gb-headline-text\"><strong>Puntos de venta<\/strong><\/h4>\n\n\n<div class=\"gb-container gb-container-287cce4f\">\n\n<p><br\/>IO3 ofrece el TPV de HIOPOS que mejor se adapta a tu negocio. Estos terminales de punto de venta cuentan con un dise\u00f1o simple, elegante y moderno que encaja perfectamente en cualquier establecimiento. Sea cual sea el sector (hosteler\u00eda, retail, alimentaci\u00f3n&#8230;)  <\/p>\n\n\n\n<h4 class=\"gb-headline gb-headline-9066954a gb-headline-text\"><strong>Puntos de venta<\/strong><\/h4>\n\n\n\n<p><br\/>IO3 ofrece el TPV de HIOPOS que mejor se adapta a tu negocio. Estos terminales de punto de venta cuentan con un dise\u00f1o simple, elegante y moderno que encaja perfectamente en cualquier establecimiento. Sea cual sea el sector (hosteler\u00eda, retail, alimentaci\u00f3n&#8230;)  <\/p>\n\n\n\n<h4 class=\"gb-headline gb-headline-dc6a8e10 gb-headline-text\"><strong>Puntos de venta<\/strong><\/h4>\n\n\n\n<p><br\/>IO3 ofrece el TPV de HIOPOS que mejor se adapta a tu negocio. Estos terminales de punto de venta cuentan con un dise\u00f1o simple, elegante y moderno que encaja perfectamente en cualquier establecimiento. Sea cual sea el sector (hosteler\u00eda, retail, alimentaci\u00f3n&#8230;)  <\/p>\n\n<\/div>\n<\/div>\n\n<div class=\"gb-container gb-container-c871579c\">\n\n<figure class=\"wp-block-image size-full is-resized\"><img loading=\"lazy\" decoding=\"async\" width=\"427\" height=\"653\" src=\"https:\/\/io3group.com\/wp-content\/uploads\/2024\/10\/clay-banks-tgquMvhNLc4-unsplash-7.jpg\" alt=\"\" class=\"wp-image-1009\" style=\"width:376px;height:auto\" srcset=\"https:\/\/io3group.com\/wp-content\/uploads\/2024\/10\/clay-banks-tgquMvhNLc4-unsplash-7.jpg 427w, https:\/\/io3group.com\/wp-content\/uploads\/2024\/10\/clay-banks-tgquMvhNLc4-unsplash-7-196x300.jpg 196w\" sizes=\"auto, (max-width: 427px) 100vw, 427px\" \/><\/figure>\n\n<\/div>\n<\/div>\n<\/div><div class=\"gb-container gb-container-3d598d9d pepe gbp-section\">\n<div class=\"gb-container gb-container-000744c7\">\n<div class=\"gb-container gb-container-e324c556\">\n\n<h2 class=\"gb-headline gb-headline-1df9e3cb gb-headline-text\"><strong>Hiobots<\/strong><\/h2>\n\n\n\n<p class=\"has-text-align-center\"><br\/>Hiobot es un asistente rob\u00f3tico dise\u00f1ado para mejorar la eficiencia operativa en restaurantes y establecimientos de alimentaci\u00f3n. Este robot facilita tareas como la gesti\u00f3n de pedidos y la atenci\u00f3n al cliente, permitiendo al personal centrarse en otros aspectos del servicio. <\/p>\n\n<\/div>\n<\/div>\n\n<div class=\"gb-container gb-container-835b42cd gbp-section__inner\">\n\n<figure class=\"wp-block-image size-full\"><img loading=\"lazy\" decoding=\"async\" width=\"426\" height=\"653\" src=\"https:\/\/io3group.com\/wp-content\/uploads\/2024\/10\/image-33.jpg\" alt=\"\" class=\"wp-image-1010\" srcset=\"https:\/\/io3group.com\/wp-content\/uploads\/2024\/10\/image-33.jpg 426w, https:\/\/io3group.com\/wp-content\/uploads\/2024\/10\/image-33-196x300.jpg 196w\" sizes=\"auto, (max-width: 426px) 100vw, 426px\" \/><\/figure>\n\n\n<div class=\"gb-container gb-container-19b3c401\">\n\n<h4 class=\"gb-headline gb-headline-08a0f718 gb-headline-text\"><strong>Interacci\u00f3n con clientes<\/strong><\/h4>\n\n\n<div class=\"gb-container gb-container-88056443\">\n\n<p>Hiobot ofrece una interacci\u00f3n directa con los clientes, tomando pedidos de manera precisa y r\u00e1pida. Adem\u00e1s, puede responder a preguntas frecuentes sobre el men\u00fa, ingredientes y al\u00e9rgenos, mejorando as\u00ed la experiencia del cliente. Su capacidad para ofrecer recomendaciones personalizadas ayuda a crear un ambiente m\u00e1s acogedor y satisfactorio, ya que los clientes se sienten atendidos y valorados.  <\/p>\n\n\n\n<h4 class=\"gb-headline gb-headline-ca338893 gb-headline-text\"><strong>Optimizaci\u00f3n de procesos<\/strong><\/h4>\n\n\n\n<p>El uso de Hiobot contribuye a la optimizaci\u00f3n de los procesos operativos dentro del restaurante. Reduce los tiempos de espera tanto para la toma de pedidos como para el servicio de los platos, permitiendo que el personal humano se concentre en tareas m\u00e1s complejas y relevantes. Esto no solo mejora la eficiencia del servicio, sino que tambi\u00e9n puede aumentar la rotaci\u00f3n de mesas y la satisfacci\u00f3n general de los clientes  <\/p>\n\n\n\n<h4 class=\"gb-headline gb-headline-bb2f0f22 gb-headline-text\"><strong>Integraci\u00f3n tecnol\u00f3gica<\/strong><\/h4>\n\n\n\n<p>Hiobot se puede integrar f\u00e1cilmente con los sistemas tecnol\u00f3gicos existentes del restaurante, como el sistema de punto de venta (TPV) y las aplicaciones de gesti\u00f3n de \u201cinventario. Esta integraci\u00f3n permite una gesti\u00f3n unificada y eficiente de las operaciones, facilitando la sincronizaci\u00f3n de datos en tiempo real. As\u00ed, los propietarios pueden obtener informes detallados sobre el rendimiento del negocio y tomar decisiones informadas para mejorar la\u201d eficiencia y la rentabilidad.  <\/p>\n\n<\/div>\n<\/div>\n<\/div>\n<\/div><div class=\"gb-container gb-container-a706a96e\">\n<div class=\"gb-container gb-container-107e776e\">\n<div class=\"gb-container gb-container-a0b37045\">\n\n<figure class=\"gb-block-image gb-block-image-1158d5a8\"><img loading=\"lazy\" decoding=\"async\" width=\"81\" height=\"77\" class=\"gb-image gb-image-1158d5a8\" src=\"https:\/\/io3group.com\/wp-content\/uploads\/2024\/08\/Layer_1.png\" alt=\"\" title=\"Layer_1\"\/><\/figure>\n\n\n<div class=\"gb-container gb-container-19652f2d\">\n<div class=\"gb-container gb-container-9057ffec\">\n\n<h2 class=\"gb-headline gb-headline-88dd2245 gb-headline-text\"><strong>Accesorios<\/strong><\/h2>\n\n\n\n<p class=\"has-text-align-center\"><br\/>Disponemos de \u201cuna amplia gama de\u201d accesorios como impresoras, pantallas de cocina, Pinpad, lectores de c\u00f3digos de barras, para complementar las soluciones HIOPOS y optimizar la gesti\u00f3n de tu establecimiento.<\/p>\n\n<\/div>\n<\/div>\n\n<div class=\"gb-container gb-container-459a37e6 gbp-section__inner\">\n<div class=\"gb-grid-wrapper gb-grid-wrapper-18a2331a\">\n<div class=\"gb-grid-column gb-grid-column-cbb3f28c\"><div class=\"gb-container gb-container-cbb3f28c\">\n\n<figure class=\"wp-block-image alignwide size-full\"><img loading=\"lazy\" decoding=\"async\" width=\"398\" height=\"398\" src=\"https:\/\/io3group.com\/wp-content\/uploads\/2024\/10\/kitchen-screen.webp\" alt=\"\" class=\"wp-image-1051\" srcset=\"https:\/\/io3group.com\/wp-content\/uploads\/2024\/10\/kitchen-screen.webp 398w, https:\/\/io3group.com\/wp-content\/uploads\/2024\/10\/kitchen-screen-300x300.webp 300w, https:\/\/io3group.com\/wp-content\/uploads\/2024\/10\/kitchen-screen-150x150.webp 150w\" sizes=\"auto, (max-width: 398px) 100vw, 398px\" \/><\/figure>\n\n\n\n<h4 class=\"gb-headline gb-headline-f83861a9 gb-headline-text\"><strong>Pantallas de cocina<\/strong><\/h4>\n\n\n\n<p class=\"has-text-align-center\">Una pantalla clara y sencilla para llevar el control total de los pedidos en la cocina.<\/p>\n\n<\/div><\/div>\n\n<div class=\"gb-grid-column gb-grid-column-29c36d83\"><div class=\"gb-container gb-container-29c36d83\">\n\n<figure class=\"wp-block-image alignwide size-full\"><img loading=\"lazy\" decoding=\"async\" width=\"398\" height=\"398\" src=\"https:\/\/io3group.com\/wp-content\/uploads\/2024\/10\/barcode.webp\" alt=\"\" class=\"wp-image-1048\" srcset=\"https:\/\/io3group.com\/wp-content\/uploads\/2024\/10\/barcode.webp 398w, https:\/\/io3group.com\/wp-content\/uploads\/2024\/10\/barcode-300x300.webp 300w, https:\/\/io3group.com\/wp-content\/uploads\/2024\/10\/barcode-150x150.webp 150w\" sizes=\"auto, (max-width: 398px) 100vw, 398px\" \/><\/figure>\n\n\n\n<h4 class=\"gb-headline gb-headline-25766094 gb-headline-text\"><strong>Lector c\u00f3digos<\/strong><\/h4>\n\n\n\n<p class=\"has-text-align-center\">Esc\u00e1ner manual de \u201calta fiabilidad para la lectura de\u201d art\u00edculos con c\u00f3digo de barras.<\/p>\n\n<\/div><\/div>\n\n<div class=\"gb-grid-column gb-grid-column-6a656e7d\"><div class=\"gb-container gb-container-6a656e7d\">\n\n<figure class=\"wp-block-image size-full\"><img loading=\"lazy\" decoding=\"async\" width=\"398\" height=\"398\" src=\"https:\/\/io3group.com\/wp-content\/uploads\/2024\/10\/pinpad.webp\" alt=\"\" class=\"wp-image-1052\" srcset=\"https:\/\/io3group.com\/wp-content\/uploads\/2024\/10\/pinpad.webp 398w, https:\/\/io3group.com\/wp-content\/uploads\/2024\/10\/pinpad-300x300.webp 300w, https:\/\/io3group.com\/wp-content\/uploads\/2024\/10\/pinpad-150x150.webp 150w\" sizes=\"auto, (max-width: 398px) 100vw, 398px\" \/><\/figure>\n\n\n\n<h4 class=\"gb-headline gb-headline-8dd7f435 gb-headline-text\"><strong>PinPad<\/strong><\/h4>\n\n\n\n<p class=\"has-text-align-center\">Terminal para pagos con tarjeta con sensor contactless.<\/p>\n\n<\/div><\/div>\n\n<div class=\"gb-grid-column gb-grid-column-84eec84f\"><div class=\"gb-container gb-container-84eec84f\">\n\n<figure class=\"wp-block-image size-full\"><img loading=\"lazy\" decoding=\"async\" width=\"398\" height=\"398\" src=\"https:\/\/io3group.com\/wp-content\/uploads\/2024\/10\/ts10.webp\" alt=\"\" class=\"wp-image-1055\" srcset=\"https:\/\/io3group.com\/wp-content\/uploads\/2024\/10\/ts10.webp 398w, https:\/\/io3group.com\/wp-content\/uploads\/2024\/10\/ts10-300x300.webp 300w, https:\/\/io3group.com\/wp-content\/uploads\/2024\/10\/ts10-150x150.webp 150w\" sizes=\"auto, (max-width: 398px) 100vw, 398px\" \/><\/figure>\n\n\n\n<h4 class=\"gb-headline gb-headline-b33ff58d gb-headline-text\"><strong>B\u00e1scula<\/strong><\/h4>\n\n\n\n<p class=\"has-text-align-center\">Para gestionar la venta de productos al peso.<\/p>\n\n<\/div><\/div>\n<\/div>\n<\/div>\n<\/div>\n\n<div class=\"gb-grid-wrapper gb-grid-wrapper-1f8df020\">\n<div class=\"gb-grid-column gb-grid-column-83ae58e7\"><div class=\"gb-container gb-container-83ae58e7\">\n\n<figure class=\"wp-block-image size-full\"><img loading=\"lazy\" decoding=\"async\" width=\"398\" height=\"398\" src=\"https:\/\/io3group.com\/wp-content\/uploads\/2024\/10\/ticket-printer.webp\" alt=\"\" class=\"wp-image-1054\" srcset=\"https:\/\/io3group.com\/wp-content\/uploads\/2024\/10\/ticket-printer.webp 398w, https:\/\/io3group.com\/wp-content\/uploads\/2024\/10\/ticket-printer-300x300.webp 300w, https:\/\/io3group.com\/wp-content\/uploads\/2024\/10\/ticket-printer-150x150.webp 150w\" sizes=\"auto, (max-width: 398px) 100vw, 398px\" \/><\/figure>\n\n\n\n<h4 class=\"gb-headline gb-headline-8955f686 gb-headline-text\"><strong>Impresora t\u00e9rmica<\/strong><\/h4>\n\n\n\n<p class=\"has-text-align-center\">Con led frontal y avisos ac\u00fasticos y luminosos.<\/p>\n\n<\/div><\/div>\n\n<div class=\"gb-grid-column gb-grid-column-380d20cd\"><div class=\"gb-container gb-container-380d20cd\">\n\n<figure class=\"wp-block-image size-full\"><img loading=\"lazy\" decoding=\"async\" width=\"398\" height=\"398\" src=\"https:\/\/io3group.com\/wp-content\/uploads\/2024\/10\/card-reader.webp\" alt=\"\" class=\"wp-image-1049\" srcset=\"https:\/\/io3group.com\/wp-content\/uploads\/2024\/10\/card-reader.webp 398w, https:\/\/io3group.com\/wp-content\/uploads\/2024\/10\/card-reader-300x300.webp 300w, https:\/\/io3group.com\/wp-content\/uploads\/2024\/10\/card-reader-150x150.webp 150w\" sizes=\"auto, (max-width: 398px) 100vw, 398px\" \/><\/figure>\n\n\n\n<h4 class=\"gb-headline gb-headline-bc2d71d7 gb-headline-text\"><strong>Lectores de tarjetas<\/strong><\/h4>\n\n\n\n<p class=\"has-text-align-center\">Lectura espec\u00edfica de tarjetas para empleados y colaboradores.<\/p>\n\n<\/div><\/div>\n\n<div class=\"gb-grid-column gb-grid-column-ecaea904\"><div class=\"gb-container gb-container-ecaea904\">\n\n<figure class=\"wp-block-image size-full\"><img loading=\"lazy\" decoding=\"async\" width=\"398\" height=\"398\" src=\"https:\/\/io3group.com\/wp-content\/uploads\/2024\/10\/printer-hiopos.webp\" alt=\"\" class=\"wp-image-1053\" srcset=\"https:\/\/io3group.com\/wp-content\/uploads\/2024\/10\/printer-hiopos.webp 398w, https:\/\/io3group.com\/wp-content\/uploads\/2024\/10\/printer-hiopos-300x300.webp 300w, https:\/\/io3group.com\/wp-content\/uploads\/2024\/10\/printer-hiopos-150x150.webp 150w\" sizes=\"auto, (max-width: 398px) 100vw, 398px\" \/><\/figure>\n\n\n\n<h4 class=\"gb-headline gb-headline-ea53ecb9 gb-headline-text\"><strong>Etiquetadoras<\/strong><\/h4>\n\n\n\n<p class=\"has-text-align-center\">Ideal para imprimir las etiquetas de tus productos.<\/p>\n\n<\/div><\/div>\n\n<div class=\"gb-grid-column gb-grid-column-fb7d7860\"><div class=\"gb-container gb-container-fb7d7860\">\n\n<figure class=\"wp-block-image size-full\"><img loading=\"lazy\" decoding=\"async\" width=\"398\" height=\"398\" src=\"https:\/\/io3group.com\/wp-content\/uploads\/2024\/10\/cash-drawer.webp\" alt=\"\" class=\"wp-image-1050\" srcset=\"https:\/\/io3group.com\/wp-content\/uploads\/2024\/10\/cash-drawer.webp 398w, https:\/\/io3group.com\/wp-content\/uploads\/2024\/10\/cash-drawer-300x300.webp 300w, https:\/\/io3group.com\/wp-content\/uploads\/2024\/10\/cash-drawer-150x150.webp 150w\" sizes=\"auto, (max-width: 398px) 100vw, 398px\" \/><\/figure>\n\n\n\n<h4 class=\"gb-headline gb-headline-000608e3 gb-headline-text\"><strong>Caj\u00f3n de efectivo<\/strong><\/h4>\n\n\n\n<p class=\"has-text-align-center\">Caj\u00f3n autom\u00e1tico con compartimentos de billetes y monedas.<\/p>\n\n<\/div><\/div>\n<\/div>\n<\/div>\n<\/div>\n<p><\/p>\n","protected":false},"excerpt":{"rendered":"<p>Todas las herramientas que imaginas. Y alguna m\u00e1s. HIOPOS te \u201cofrece tantas opciones de configuraci\u00f3n como puedas imaginar. Desde sistemas muy sencillos basados pr\u00e1cticamente 100% en la nube, hasta un completo ecosistema que puede incluir cajas de\u201d autopago, TPVs, b\u00e1sculas e incluso robots de servicio. GESTI\u00d3N DE RESERVAS Potencia tu negocio con el ecosistema m\u00e1s &#8230; <a title=\"Soluciones\" class=\"read-more\" href=\"https:\/\/io3group.com\/es\/soluciones\/\" aria-label=\"Leer m\u00e1s sobre Soluciones\">Leer m\u00e1s<\/a><\/p>\n","protected":false},"author":1,"featured_media":0,"parent":0,"menu_order":0,"comment_status":"closed","ping_status":"closed","template":"","meta":{"inline_featured_image":false,"footnotes":""},"class_list":["post-1776","page","type-page","status-publish"],"_links":{"self":[{"href":"https:\/\/io3group.com\/es\/wp-json\/wp\/v2\/pages\/1776","targetHints":{"allow":["GET"]}}],"collection":[{"href":"https:\/\/io3group.com\/es\/wp-json\/wp\/v2\/pages"}],"about":[{"href":"https:\/\/io3group.com\/es\/wp-json\/wp\/v2\/types\/page"}],"author":[{"embeddable":true,"href":"https:\/\/io3group.com\/es\/wp-json\/wp\/v2\/users\/1"}],"replies":[{"embeddable":true,"href":"https:\/\/io3group.com\/es\/wp-json\/wp\/v2\/comments?post=1776"}],"version-history":[{"count":1,"href":"https:\/\/io3group.com\/es\/wp-json\/wp\/v2\/pages\/1776\/revisions"}],"predecessor-version":[{"id":1777,"href":"https:\/\/io3group.com\/es\/wp-json\/wp\/v2\/pages\/1776\/revisions\/1777"}],"wp:attachment":[{"href":"https:\/\/io3group.com\/es\/wp-json\/wp\/v2\/media?parent=1776"}],"curies":[{"name":"wp","href":"https:\/\/api.w.org\/{rel}","templated":true}]}}