{"id":1846,"date":"2024-09-26T09:04:44","date_gmt":"2024-09-26T09:04:44","guid":{"rendered":"https:\/\/io3group.com\/el-metodo-io3\/"},"modified":"2025-08-05T15:39:18","modified_gmt":"2025-08-05T15:39:18","slug":"el-metodo-io3","status":"publish","type":"page","link":"https:\/\/io3group.com\/es\/el-metodo-io3\/","title":{"rendered":"El m\u00e9todo IO3"},"content":{"rendered":"<div class=\"gb-container gb-container-42c3c3f4\">\n<div class=\"gb-container gb-container-6c048740\">\n<div class=\"gb-container gb-container-cba47ebe\">\n<div class=\"gb-container gb-container-7603a9ec\">\n\n<h3 class=\"gb-headline gb-headline-e894bb7b gb-headline-text\">EL M\u00c9TODO IO3<\/h3>\n\n\n\n<h2 class=\"gb-headline gb-headline-8c3236cc gb-headline-text\">Impulsamos tu \u00e9xito, porque ser\u00e1 tambi\u00e9n el nuestro.<\/h2>\n\n<\/div>\n\n<div class=\"gb-container gb-container-12892660\">\n\n<p style=\"font-style:normal;font-weight:400\">En IO3 no nos limitamos a vender e instalar un software eficiente para tu negocio. Cada caso es \u00fanico, y por eso nos esforzamos en entender bien las caracter\u00edsticas de cada proyecto para adaptar la soluci\u00f3n a cada caso. Ofrecemos soluciones sencillas o inesperadas para mejorar los flujos de trabajo actuales y futuros del negocio.  <\/p>\n\n\n\n<p>Nuestro objetivo es hacer que su negocio funcione de manera fluida, eficiente y sencilla. As\u00ed t\u00fa puedes hacerlo crecer. Y tu crecimiento tambi\u00e9n puede ser reflejo del nuestro.  <\/p>\n\n<\/div>\n<\/div>\n\n<div class=\"gb-container gb-container-55561006\">\n<div class=\"gb-container gb-container-2b58aca8\">\n<div class=\"wp-block-image\">\n<figure class=\"aligncenter size-full is-resized\"><img loading=\"lazy\" decoding=\"async\" width=\"1480\" height=\"833\" src=\"https:\/\/io3group.com\/wp-content\/uploads\/2024\/09\/exit-edited.webp\" alt=\"\" class=\"wp-image-930\" style=\"width:1121px;height:auto\" srcset=\"https:\/\/io3group.com\/wp-content\/uploads\/2024\/09\/exit-edited.webp 1480w, https:\/\/io3group.com\/wp-content\/uploads\/2024\/09\/exit-edited-300x169.webp 300w, https:\/\/io3group.com\/wp-content\/uploads\/2024\/09\/exit-edited-1024x576.webp 1024w, https:\/\/io3group.com\/wp-content\/uploads\/2024\/09\/exit-edited-768x432.webp 768w\" sizes=\"auto, (max-width: 1480px) 100vw, 1480px\" \/><\/figure>\n<\/div>\n<\/div>\n<\/div>\n<\/div>\n\n<div class=\"gb-container gb-container-36235db9\">\n<div class=\"gb-container gb-container-2484a341\">\n<div class=\"gb-container gb-container-66d19059\">\n\n<figure class=\"wp-block-image size-full\"><img loading=\"lazy\" decoding=\"async\" width=\"970\" height=\"648\" src=\"https:\/\/io3group.com\/wp-content\/uploads\/2024\/09\/Captura-de-pantalla-2024-09-26-a-les-11.18.30.png\" alt=\"\" class=\"wp-image-931\" srcset=\"https:\/\/io3group.com\/wp-content\/uploads\/2024\/09\/Captura-de-pantalla-2024-09-26-a-les-11.18.30.png 970w, https:\/\/io3group.com\/wp-content\/uploads\/2024\/09\/Captura-de-pantalla-2024-09-26-a-les-11.18.30-300x200.png 300w, https:\/\/io3group.com\/wp-content\/uploads\/2024\/09\/Captura-de-pantalla-2024-09-26-a-les-11.18.30-768x513.png 768w\" sizes=\"auto, (max-width: 970px) 100vw, 970px\" \/><\/figure>\n\n<\/div>\n\n<div class=\"gb-container gb-container-0d2e9361\">\n\n<p style=\"font-size:20px;font-style:normal;font-weight:400\">Nuestra misi\u00f3n principal es guiar el proceso de transici\u00f3n tecnol\u00f3gica y acompa\u00f1ar a nuestros clientes durante la implementaci\u00f3n, asegurando el cumplimiento de sus objetivos y superando cualquier obst\u00e1culo que pueda surgir. Operamos en Andorra, Francia y Espa\u00f1a, con oficinas en Andorra y Barcelona. <br\/><br\/>Colaboramos estrechamente con diversas empresas del pa\u00eds, proporcionando un amplio espectro de soluciones que abarcan desde la implementaci\u00f3n f\u00edsica y l\u00f3gica de la infraestructura hasta hardware, software, comunicaciones y asesoramiento. En io3group, adaptamos nuestro enfoque a las necesidades espec\u00edficas de cada cliente. <\/p>\n\n<\/div>\n<\/div>\n<\/div>\n\n<div class=\"gb-container gb-container-8b222cf6\">\n<div class=\"gb-container gb-container-9da95ce4\">\n<div class=\"gb-container gb-container-acd24549\">\n\n<p style=\"font-size:20px;font-style:normal;font-weight:400\">Como Hiopos Partner Specialists, ofrecemos servicios especializados en la implementaci\u00f3n y soporte de soluciones Hiopos. Nuestra experiencia y conocimiento nos permiten proporcionar un valor a\u00f1adido a nuestros clientes, garantizando una integraci\u00f3n perfecta y una optimizaci\u00f3n de los recursos. <\/p>\n\n<\/div>\n\n<div class=\"gb-container gb-container-a903234b\">\n\n<figure class=\"gb-block-image gb-block-image-9d32909e\"><img loading=\"lazy\" decoding=\"async\" width=\"1500\" height=\"929\" class=\"gb-image gb-image-9d32909e\" src=\"https:\/\/io3group.com\/wp-content\/uploads\/2024\/09\/tpv.png\" alt=\"\" title=\"tpv\" srcset=\"https:\/\/io3group.com\/wp-content\/uploads\/2024\/09\/tpv.png 1500w, https:\/\/io3group.com\/wp-content\/uploads\/2024\/09\/tpv-300x186.png 300w, https:\/\/io3group.com\/wp-content\/uploads\/2024\/09\/tpv-1024x634.png 1024w, https:\/\/io3group.com\/wp-content\/uploads\/2024\/09\/tpv-768x476.png 768w\" sizes=\"auto, (max-width: 1500px) 100vw, 1500px\" \/><\/figure>\n\n<\/div>\n<\/div>\n<\/div>\n<\/div>","protected":false},"excerpt":{"rendered":"<p>EL M\u00c9TODO IO3 Impulsamos tu \u00e9xito, porque ser\u00e1 tambi\u00e9n el nuestro. En IO3 no nos limitamos a vender e instalar un software eficiente para tu negocio. Cada caso es \u00fanico, y por eso nos esforzamos en entender bien las caracter\u00edsticas de cada proyecto para adaptar la soluci\u00f3n a cada caso. Ofrecemos soluciones sencillas o inesperadas &#8230; <a title=\"El m\u00e9todo IO3\" class=\"read-more\" href=\"https:\/\/io3group.com\/es\/el-metodo-io3\/\" aria-label=\"Leer m\u00e1s sobre El m\u00e9todo IO3\">Leer m\u00e1s<\/a><\/p>\n","protected":false},"author":2,"featured_media":0,"parent":0,"menu_order":0,"comment_status":"closed","ping_status":"closed","template":"","meta":{"inline_featured_image":false,"footnotes":""},"class_list":["post-1846","page","type-page","status-publish"],"_links":{"self":[{"href":"https:\/\/io3group.com\/es\/wp-json\/wp\/v2\/pages\/1846","targetHints":{"allow":["GET"]}}],"collection":[{"href":"https:\/\/io3group.com\/es\/wp-json\/wp\/v2\/pages"}],"about":[{"href":"https:\/\/io3group.com\/es\/wp-json\/wp\/v2\/types\/page"}],"author":[{"embeddable":true,"href":"https:\/\/io3group.com\/es\/wp-json\/wp\/v2\/users\/2"}],"replies":[{"embeddable":true,"href":"https:\/\/io3group.com\/es\/wp-json\/wp\/v2\/comments?post=1846"}],"version-history":[{"count":1,"href":"https:\/\/io3group.com\/es\/wp-json\/wp\/v2\/pages\/1846\/revisions"}],"predecessor-version":[{"id":1847,"href":"https:\/\/io3group.com\/es\/wp-json\/wp\/v2\/pages\/1846\/revisions\/1847"}],"wp:attachment":[{"href":"https:\/\/io3group.com\/es\/wp-json\/wp\/v2\/media?parent=1846"}],"curies":[{"name":"wp","href":"https:\/\/api.w.org\/{rel}","templated":true}]}}