{"id":1772,"date":"2024-09-24T15:24:27","date_gmt":"2024-09-24T15:24:27","guid":{"rendered":"https:\/\/io3group.com\/nous\/"},"modified":"2025-08-05T15:37:15","modified_gmt":"2025-08-05T15:37:15","slug":"nous","status":"publish","type":"page","link":"https:\/\/io3group.com\/fr\/nous\/","title":{"rendered":"Nous"},"content":{"rendered":"<div class=\"gb-container gb-container-42c3c3f4\">\n<div class=\"gb-container gb-container-6c048740\">\n<div class=\"gb-container gb-container-cba47ebe\">\n<div class=\"gb-container gb-container-7603a9ec\">\n\n<h3 class=\"gb-headline gb-headline-e894bb7b gb-headline-text\">L&rsquo;ENTREPRISE<\/h3>\n\n\n\n<h2 class=\"gb-headline gb-headline-8c3236cc gb-headline-text\">Nous consid\u00e9rons que la valeur la plus importante est le client lui-m\u00eame.<\/h2>\n\n<\/div>\n\n<div class=\"gb-container gb-container-12892660\">\n\n<p style=\"font-style:normal;font-weight:400\">Io3group se distingue comme une entreprise sp\u00e9cialis\u00e9e dans l&rsquo;int\u00e9gration de syst\u00e8mes et solutions technologiques. Avec plus de 20 ans d \u00ab exp\u00e9rience dans la digitalisation de divers secteurs, nous excellons particuli\u00e8rement dans les domaines de l \u00bb H\u00f4tellerie et du Retail. Nous offrons \u00e0 nos clients des solutions personnalis\u00e9es soutenues par la gamme remarquable de produits HIOPOS.   <\/p>\n\n<\/div>\n<\/div>\n\n<div class=\"gb-container gb-container-55561006\">\n<div class=\"gb-container gb-container-2b58aca8\">\n<div class=\"wp-block-image\">\n<figure class=\"aligncenter size-full\"><img loading=\"lazy\" decoding=\"async\" width=\"1126\" height=\"630\" src=\"https:\/\/io3group.com\/wp-content\/uploads\/2024\/09\/louis-hansel-wVoP_Q2Bg_A-unsplash.jpg\" alt=\"\" class=\"wp-image-806\" srcset=\"https:\/\/io3group.com\/wp-content\/uploads\/2024\/09\/louis-hansel-wVoP_Q2Bg_A-unsplash.jpg 1126w, https:\/\/io3group.com\/wp-content\/uploads\/2024\/09\/louis-hansel-wVoP_Q2Bg_A-unsplash-300x168.jpg 300w, https:\/\/io3group.com\/wp-content\/uploads\/2024\/09\/louis-hansel-wVoP_Q2Bg_A-unsplash-1024x573.jpg 1024w, https:\/\/io3group.com\/wp-content\/uploads\/2024\/09\/louis-hansel-wVoP_Q2Bg_A-unsplash-768x430.jpg 768w\" sizes=\"auto, (max-width: 1126px) 100vw, 1126px\" \/><\/figure>\n<\/div>\n<\/div>\n<\/div>\n<\/div>\n\n<div class=\"gb-container gb-container-36235db9\">\n<div class=\"gb-container gb-container-2484a341\">\n<div class=\"gb-container gb-container-66d19059\">\n\n<figure class=\"wp-block-image size-full\"><img loading=\"lazy\" decoding=\"async\" width=\"800\" height=\"539\" src=\"https:\/\/io3group.com\/wp-content\/uploads\/2024\/09\/IMG_Meeting.jpg\" alt=\"\" class=\"wp-image-905\" srcset=\"https:\/\/io3group.com\/wp-content\/uploads\/2024\/09\/IMG_Meeting.jpg 800w, https:\/\/io3group.com\/wp-content\/uploads\/2024\/09\/IMG_Meeting-300x202.jpg 300w, https:\/\/io3group.com\/wp-content\/uploads\/2024\/09\/IMG_Meeting-768x517.jpg 768w\" sizes=\"auto, (max-width: 800px) 100vw, 800px\" \/><\/figure>\n\n<\/div>\n\n<div class=\"gb-container gb-container-0d2e9361\">\n\n<p style=\"font-size:20px;font-style:normal;font-weight:400\">Notre mission principale est de guider le processus de transition technologique et d&rsquo;accompagner nos clients pendant l&rsquo;impl\u00e9mentation, en assurant l&rsquo;atteinte de leurs objectifs et en surmontant tout obstacle qui pourrait survenir. Nous op\u00e9rons en Andorre, en France et en Espagne, avec des bureaux \u00e0 Andorre et Barcelone. <br\/><br\/>Nous collaborons \u00e9troitement avec diverses entreprises du pays, en fournissant un large \u00e9ventail de solutions allant de l&rsquo;impl\u00e9mentation physique et logique de l&rsquo;infrastructure jusqu&rsquo;au mat\u00e9riel, logiciel, communications et conseil. Chez io3group, nous adaptons notre approche aux besoins sp\u00e9cifiques de chaque client. <\/p>\n\n<\/div>\n<\/div>\n<\/div>\n\n<div class=\"gb-container gb-container-8b222cf6\">\n<div class=\"gb-container gb-container-9da95ce4\">\n<div class=\"gb-container gb-container-acd24549\">\n\n<p style=\"font-size:20px;font-style:normal;font-weight:400\">Nous consid\u00e9rons que la valeur la plus importante est le client lui-m\u00eame. Nous nous identifions \u00e0 vos pr\u00e9occupations, doutes et besoins, en faisant preuve d&#8217;empathie pour atteindre l \u00ab objectif supr\u00eame : votre satisfaction. L \u00bb \u00e9quipe humaine d&rsquo;io3group s&rsquo;engage constamment \u00e0 donner le meilleur d&rsquo;elle-m\u00eame, en am\u00e9liorant continuellement la qualit\u00e9 des services que nous fournissons et en nous consolidant comme leaders dans la digitalisation des entreprises et la technologie.  <\/p>\n\n<\/div>\n\n<div class=\"gb-container gb-container-a903234b\">\n\n<figure class=\"gb-block-image gb-block-image-9d32909e\"><img loading=\"lazy\" decoding=\"async\" width=\"540\" height=\"423\" class=\"gb-image gb-image-9d32909e\" src=\"https:\/\/io3group.com\/wp-content\/uploads\/2024\/09\/image-52.jpg\" alt=\"\" title=\"image 52\" srcset=\"https:\/\/io3group.com\/wp-content\/uploads\/2024\/09\/image-52.jpg 540w, https:\/\/io3group.com\/wp-content\/uploads\/2024\/09\/image-52-300x235.jpg 300w\" sizes=\"auto, (max-width: 540px) 100vw, 540px\" \/><\/figure>\n\n<\/div>\n<\/div>\n<\/div>\n<\/div>","protected":false},"excerpt":{"rendered":"<p>L&rsquo;ENTREPRISE Nous consid\u00e9rons que la valeur la plus importante est le client lui-m\u00eame. Io3group se distingue comme une entreprise sp\u00e9cialis\u00e9e dans l&rsquo;int\u00e9gration de syst\u00e8mes et solutions technologiques. Avec plus de 20 ans d \u00ab exp\u00e9rience dans la digitalisation de divers secteurs, nous excellons particuli\u00e8rement dans les domaines de l \u00bb H\u00f4tellerie et du Retail. Nous &#8230; <a title=\"Nous\" class=\"read-more\" href=\"https:\/\/io3group.com\/fr\/nous\/\" aria-label=\"En savoir plus sur Nous\">Lire plus<\/a><\/p>\n","protected":false},"author":1,"featured_media":0,"parent":0,"menu_order":0,"comment_status":"closed","ping_status":"closed","template":"","meta":{"inline_featured_image":false,"footnotes":""},"class_list":["post-1772","page","type-page","status-publish"],"_links":{"self":[{"href":"https:\/\/io3group.com\/fr\/wp-json\/wp\/v2\/pages\/1772","targetHints":{"allow":["GET"]}}],"collection":[{"href":"https:\/\/io3group.com\/fr\/wp-json\/wp\/v2\/pages"}],"about":[{"href":"https:\/\/io3group.com\/fr\/wp-json\/wp\/v2\/types\/page"}],"author":[{"embeddable":true,"href":"https:\/\/io3group.com\/fr\/wp-json\/wp\/v2\/users\/1"}],"replies":[{"embeddable":true,"href":"https:\/\/io3group.com\/fr\/wp-json\/wp\/v2\/comments?post=1772"}],"version-history":[{"count":1,"href":"https:\/\/io3group.com\/fr\/wp-json\/wp\/v2\/pages\/1772\/revisions"}],"predecessor-version":[{"id":1773,"href":"https:\/\/io3group.com\/fr\/wp-json\/wp\/v2\/pages\/1772\/revisions\/1773"}],"wp:attachment":[{"href":"https:\/\/io3group.com\/fr\/wp-json\/wp\/v2\/media?parent=1772"}],"curies":[{"name":"wp","href":"https:\/\/api.w.org\/{rel}","templated":true}]}}