{"id":1778,"date":"2024-09-25T13:37:57","date_gmt":"2024-09-25T13:37:57","guid":{"rendered":"https:\/\/io3group.com\/solutions\/"},"modified":"2025-08-05T15:37:32","modified_gmt":"2025-08-05T15:37:32","slug":"solutions","status":"publish","type":"page","link":"https:\/\/io3group.com\/fr\/solutions\/","title":{"rendered":"Solutions"},"content":{"rendered":"<div class=\"gb-container gb-container-29f7760a gbp-section\">\n<div class=\"gb-container gb-container-e7bd3569\">\n<div class=\"gb-container gb-container-09dd4ccd\">\n\n<h3 class=\"gb-headline gb-headline-996c0162 gb-headline-text gbp-section__headline\"><strong>Tous les outils que vous imaginez. Et m\u00eame plus. <\/strong><\/h3>\n\n\n\n<p><br\/>HIOPOS \u00ab vous offre autant d&rsquo;options de configuration que vous pouvez imaginer. Des syst\u00e8mes tr\u00e8s simples bas\u00e9s pratiquement \u00e0 100 % sur le cloud, jusqu&rsquo;\u00e0 un \u00e9cosyst\u00e8me complet pouvant inclure des caisses en \u00bb libre-service, des TPV, des balances et m\u00eame des robots de service. <\/p>\n\n\n\n<p><\/p>\n\n\n\n<p><\/p>\n\n\n<div class=\"gb-container gb-container-e1ccd00a\">\n\n<a class=\"gb-button gb-button-39f4ca56 gb-button-text gbp-button--primary boton_sin_fondo\" href=\"#\">Plus d&rsquo;informations<\/a>\n\n<\/div>\n<\/div>\n<\/div>\n\n<div class=\"gb-container gb-container-c85437d6 hero-image-fit\"><\/div>\n<\/div><div class=\"gb-container gb-container-ac7f30a6 pepe gbp-section\">\n<div class=\"gb-container gb-container-d50e18a4 gbp-section__inner\">\n<div class=\"gb-container gb-container-a411cb3b\">\n\n<h5 class=\"gb-headline gb-headline-2e225383 gb-headline-text\"><strong>GESTION DES R\u00c9SERVATIONS<\/strong><\/h5>\n\n\n\n<h3 class=\"gb-headline gb-headline-5c83705b gb-headline-text gbp-section__headline\"><strong>D\u00e9veloppez votre entreprise avec l&rsquo;\u00e9cosyst\u00e8me le plus complet<\/strong><\/h3>\n\n\n\n<div class=\"gb-headline gb-headline-d329375b gb-headline-text gbp-section__text\">HIOPOS vous propose du mat\u00e9riel con\u00e7u pour am\u00e9liorer la gestion des entreprises dans des secteurs tels que l&rsquo;h\u00f4tellerie et le commerce de d\u00e9tail. Nos terminaux de point de vente (TPV) sont efficaces et rapides, avec des \u00e9crans tactiles de haute qualit\u00e9 qui facilitent la navigation. De plus, le mat\u00e9riel est flexible et robuste, permettant une installation simple et garantissant un fonctionnement continu m\u00eame sans connexion Internet.   <br><br>HIOPOS fournit des outils puissants pour optimiser les ressources et augmenter la rentabilit\u00e9 de vos \u00e9tablissements.<\/div>\n\n<\/div>\n\n<div class=\"gb-container gb-container-0920aac6\">\n<div class=\"gb-grid-wrapper gb-grid-wrapper-b577aa02\">\n<div class=\"gb-grid-column gb-grid-column-602165ea\"><div class=\"gb-container gb-container-602165ea\">\n\n<figure class=\"gb-block-image gb-block-image-35fcfe33\"><img loading=\"lazy\" decoding=\"async\" width=\"207\" height=\"261\" class=\"gb-image gb-image-35fcfe33\" src=\"https:\/\/io3group.com\/wp-content\/uploads\/2024\/09\/image-43.jpg\" alt=\"\" title=\"image 43\"\/><\/figure>\n\n<\/div><\/div>\n\n<div class=\"gb-grid-column gb-grid-column-247f4dda\"><div class=\"gb-container gb-container-247f4dda\">\n\n<figure class=\"gb-block-image gb-block-image-e60b521e\"><img loading=\"lazy\" decoding=\"async\" width=\"206\" height=\"157\" class=\"gb-image gb-image-e60b521e\" src=\"https:\/\/io3group.com\/wp-content\/uploads\/2024\/09\/image-45.jpg\" alt=\"\" title=\"image 45\"\/><\/figure>\n\n<\/div><\/div>\n\n<div class=\"gb-grid-column gb-grid-column-f57b9a3c\"><div class=\"gb-container gb-container-f57b9a3c\">\n\n<figure class=\"gb-block-image gb-block-image-b50833e5\"><img loading=\"lazy\" decoding=\"async\" width=\"427\" height=\"286\" class=\"gb-image gb-image-b50833e5\" src=\"https:\/\/io3group.com\/wp-content\/uploads\/2024\/09\/image-59.jpg\" alt=\"\" title=\"image 59\" srcset=\"https:\/\/io3group.com\/wp-content\/uploads\/2024\/09\/image-59.jpg 427w, https:\/\/io3group.com\/wp-content\/uploads\/2024\/09\/image-59-300x201.jpg 300w\" sizes=\"auto, (max-width: 427px) 100vw, 427px\" \/><\/figure>\n\n<\/div><\/div>\n<\/div>\n<\/div>\n<\/div>\n<\/div><div class=\"gb-container gb-container-9a206280 gbp-section\">\n<div class=\"gb-container gb-container-8fd48909\">\n<div class=\"gb-container gb-container-152e9ca3\">\n\n<h2 class=\"gb-headline gb-headline-aa2c575e gb-headline-text\"><strong>Points de vente<\/strong><\/h2>\n\n\n\n<p class=\"has-text-align-center\"><br\/><br\/>IO3 propose le TPV HIOPOS qui s&rsquo;adapte le mieux \u00e0 votre entreprise. Ces terminaux de point de vente ont un design simple, \u00e9l\u00e9gant et moderne qui s&rsquo;int\u00e8gre parfaitement dans n&rsquo;importe quel \u00e9tablissement. Quel que soit le secteur (h\u00f4tellerie, commerce de d\u00e9tail, alimentation&#8230;), avec les TPV HIOPOS, vous rationalisez la gestion de votre entreprise et offrez un service de qualit\u00e9 \u00e0 vos clients, am\u00e9liorant leur exp\u00e9rience d&rsquo;achat.  <\/p>\n\n<\/div>\n<\/div>\n<\/div><div class=\"gb-container gb-container-25a3d356 pepe gbp-section\">\n<div class=\"gb-container gb-container-e1ca34dd gbp-section__inner\">\n<div class=\"gb-container gb-container-c10fa4e1\">\n\n<h4 class=\"gb-headline gb-headline-2231501b gb-headline-text\"><strong>\u00c9cran vendeur<\/strong><\/h4>\n\n\n\n<p>\u00c9cran capacitif qui facilite la navigation et l&rsquo;ex\u00e9cution des t\u00e2ches, capable de d\u00e9tecter plusieurs touches simultan\u00e9es<\/p>\n\n\n\n<h4 class=\"gb-headline gb-headline-b60a3455 gb-headline-text\"><strong>\u00c9cran client<\/strong><\/h4>\n\n\n\n<p>Cet \u00e9cran permet au client de visualiser diff\u00e9rents types d&rsquo;informations, selon la configuration.<\/p>\n\n\n\n<h4 class=\"gb-headline gb-headline-7f4f641d gb-headline-text\"><strong>Plus confortable \u00e0 utiliser<\/strong><\/h4>\n\n\n\n<p>L&rsquo;\u00e9cran peut \u00eatre ajust\u00e9 \u00e0 un angle plus confortable, r\u00e9duisant la fatigue visuelle et am\u00e9liorant la posture<\/p>\n\n\n\n<h4 class=\"gb-headline gb-headline-03a5e0bf gb-headline-text\"><strong>Adaptation VESA<\/strong><\/h4>\n\n\n\n<p>Permet une installation facile sur des supports muraux ou des bras articul\u00e9s, offrant une grande flexibilit\u00e9 dans l&rsquo;utilisation de l&rsquo;espace et l&rsquo;ergonomie.<\/p>\n\n<\/div>\n\n<div class=\"gb-container gb-container-f467cbea\">\n\n<figure class=\"gb-block-image gb-block-image-238e0d29\"><img loading=\"lazy\" decoding=\"async\" width=\"376\" height=\"575\" class=\"gb-image gb-image-238e0d29\" src=\"https:\/\/io3group.com\/wp-content\/uploads\/2024\/09\/image-39-e1727790888810.jpg\" alt=\"\" title=\"image 39\"\/><\/figure>\n\n<\/div>\n<\/div>\n<\/div><div class=\"gb-container gb-container-69f21a02 gbp-section\">\n<div class=\"gb-container gb-container-944a84ac\">\n<div class=\"gb-container gb-container-b15a578d\">\n\n<h2 class=\"gb-headline gb-headline-59594bcd gb-headline-text\"><strong>Bornes<\/strong><\/h2>\n\n\n\n<p class=\"has-text-align-center has-base-3-color has-text-color has-link-color wp-elements-7d76b91a6aabf17c6a16871cb03223ea\"><br\/><br\/>Les bornes \u00ab libre-service sont des dispositifs \u00e9lectroniques pour la vente sans personnel, o\u00f9 le client peut effectuer ses achats par lui-m\u00eame. Elles fonctionnent de mani\u00e8re autonome et \u00e0 toute heure, augmentant la rentabilit\u00e9, la productivit\u00e9 et am\u00e9liorant l&rsquo; \u00bb exp\u00e9rience d&rsquo;achat du client. <\/p>\n\n<\/div>\n<\/div>\n\n<div class=\"gb-container gb-container-e928fa64\">\n<div class=\"gb-container gb-container-abf346ff gbp-section__inner\">\n\n<figure class=\"gb-block-image gb-block-image-a3d199e6\"><img loading=\"lazy\" decoding=\"async\" width=\"427\" height=\"661\" class=\"gb-image gb-image-a3d199e6\" src=\"https:\/\/io3group.com\/wp-content\/uploads\/2024\/09\/image-36.jpg\" alt=\"\" title=\"image 36\" srcset=\"https:\/\/io3group.com\/wp-content\/uploads\/2024\/09\/image-36.jpg 427w, https:\/\/io3group.com\/wp-content\/uploads\/2024\/09\/image-36-194x300.jpg 194w\" sizes=\"auto, (max-width: 427px) 100vw, 427px\" \/><\/figure>\n\n\n<div class=\"gb-container gb-container-6f4d4bf1\">\n\n<h4 class=\"gb-headline gb-headline-20a7581c gb-headline-text\"><strong>Commandes et paiement par carte ou en esp\u00e8ces<\/strong><\/h4>\n\n\n\n<p>HIOPOS \u00ab propose une s\u00e9rie de TPV pour que vous puissiez choisir celui qui \u00bb convient le mieux \u00e0 votre entreprise. Ces terminaux de point de vente ont un design simple, \u00e9l\u00e9gant et moderne qui s&rsquo;int\u00e8gre parfaitement dans n&rsquo;importe quel \u00e9tablissement. Quel que soit votre type d&rsquo;activit\u00e9 : h\u00f4tellerie, commerce de d\u00e9tail, alimentation&#8230;  <\/p>\n\n\n\n<h4 class=\"gb-headline gb-headline-f1e81c0e gb-headline-text\"><strong>Caisse libre-service<\/strong><\/h4>\n\n\n\n<p>Permettre au client de g\u00e9rer lui-m\u00eame le processus de vente et de paiement acc\u00e9l\u00e8re consid\u00e9rablement le flux des commandes et, en plus de r\u00e9duire la charge de travail du personnel, am\u00e9liore de mani\u00e8re simple mais efficace l&rsquo;exp\u00e9rience utilisateur.<\/p>\n\n<\/div>\n<\/div>\n<\/div>\n<\/div><div class=\"gb-container gb-container-96958819 gbp-section\"><\/div><div class=\"gb-container gb-container-24c7beb9 pepe gbp-section\">\n<div class=\"gb-container gb-container-aee9e62f\">\n\n<h2 class=\"gb-headline gb-headline-c15c0826 gb-headline-text\"><strong>Terminaux portables<\/strong><\/h2>\n\n\n\n<p class=\"has-text-align-center\"><br\/>Les terminaux portables HIOPOS permettent la mobilit\u00e9 au sein de l&rsquo;entreprise, am\u00e9liorant la gestion des commandes et acc\u00e9l\u00e9rant le service aux clients, particuli\u00e8rement utiles dans des secteurs comme la restauration.<\/p>\n\n<\/div>\n\n<div class=\"gb-container gb-container-fbca3ac9 gbp-section__inner\">\n<div class=\"gb-container gb-container-a1236b9c\">\n\n<h4 class=\"gb-headline gb-headline-252cc5d8 gb-headline-text\"><strong>Points de vente<\/strong><\/h4>\n\n\n<div class=\"gb-container gb-container-287cce4f\">\n\n<p><br\/>IO3 propose le TPV HIOPOS qui s&rsquo;adapte le mieux \u00e0 votre entreprise. Ces terminaux de point de vente ont un design simple, \u00e9l\u00e9gant et moderne qui s&rsquo;int\u00e8gre parfaitement dans n&rsquo;importe quel \u00e9tablissement. Quel que soit le secteur (h\u00f4tellerie, commerce de d\u00e9tail, alimentation&#8230;)  <\/p>\n\n\n\n<h4 class=\"gb-headline gb-headline-9066954a gb-headline-text\"><strong>Points de vente<\/strong><\/h4>\n\n\n\n<p><br\/>IO3 propose le TPV HIOPOS qui s&rsquo;adapte le mieux \u00e0 votre entreprise. Ces terminaux de point de vente ont un design simple, \u00e9l\u00e9gant et moderne qui s&rsquo;int\u00e8gre parfaitement dans n&rsquo;importe quel \u00e9tablissement. Quel que soit le secteur (h\u00f4tellerie, commerce de d\u00e9tail, alimentation&#8230;)  <\/p>\n\n\n\n<h4 class=\"gb-headline gb-headline-dc6a8e10 gb-headline-text\"><strong>Points de vente<\/strong><\/h4>\n\n\n\n<p><br\/>IO3 propose le TPV HIOPOS qui s&rsquo;adapte le mieux \u00e0 votre entreprise. Ces terminaux de point de vente ont un design simple, \u00e9l\u00e9gant et moderne qui s&rsquo;int\u00e8gre parfaitement dans n&rsquo;importe quel \u00e9tablissement. Quel que soit le secteur (h\u00f4tellerie, commerce de d\u00e9tail, alimentation&#8230;)  <\/p>\n\n<\/div>\n<\/div>\n\n<div class=\"gb-container gb-container-c871579c\">\n\n<figure class=\"wp-block-image size-full is-resized\"><img loading=\"lazy\" decoding=\"async\" width=\"427\" height=\"653\" src=\"https:\/\/io3group.com\/wp-content\/uploads\/2024\/10\/clay-banks-tgquMvhNLc4-unsplash-7.jpg\" alt=\"\" class=\"wp-image-1009\" style=\"width:376px;height:auto\" srcset=\"https:\/\/io3group.com\/wp-content\/uploads\/2024\/10\/clay-banks-tgquMvhNLc4-unsplash-7.jpg 427w, https:\/\/io3group.com\/wp-content\/uploads\/2024\/10\/clay-banks-tgquMvhNLc4-unsplash-7-196x300.jpg 196w\" sizes=\"auto, (max-width: 427px) 100vw, 427px\" \/><\/figure>\n\n<\/div>\n<\/div>\n<\/div><div class=\"gb-container gb-container-3d598d9d pepe gbp-section\">\n<div class=\"gb-container gb-container-000744c7\">\n<div class=\"gb-container gb-container-e324c556\">\n\n<h2 class=\"gb-headline gb-headline-1df9e3cb gb-headline-text\"><strong>Hiobots<\/strong><\/h2>\n\n\n\n<p class=\"has-text-align-center\"><br\/>Hiobot est un assistant robotique con\u00e7u pour am\u00e9liorer l&rsquo;efficacit\u00e9 op\u00e9rationnelle dans les restaurants et les \u00e9tablissements alimentaires. Ce robot facilite des t\u00e2ches telles que la gestion des commandes et le service client, permettant au personnel de se concentrer sur d&rsquo;autres aspects du service. <\/p>\n\n<\/div>\n<\/div>\n\n<div class=\"gb-container gb-container-835b42cd gbp-section__inner\">\n\n<figure class=\"wp-block-image size-full\"><img loading=\"lazy\" decoding=\"async\" width=\"426\" height=\"653\" src=\"https:\/\/io3group.com\/wp-content\/uploads\/2024\/10\/image-33.jpg\" alt=\"\" class=\"wp-image-1010\" srcset=\"https:\/\/io3group.com\/wp-content\/uploads\/2024\/10\/image-33.jpg 426w, https:\/\/io3group.com\/wp-content\/uploads\/2024\/10\/image-33-196x300.jpg 196w\" sizes=\"auto, (max-width: 426px) 100vw, 426px\" \/><\/figure>\n\n\n<div class=\"gb-container gb-container-19b3c401\">\n\n<h4 class=\"gb-headline gb-headline-08a0f718 gb-headline-text\"><strong>Interaction avec les clients<\/strong><\/h4>\n\n\n<div class=\"gb-container gb-container-88056443\">\n\n<p>Hiobot offre une interaction directe avec les clients, prenant les commandes de mani\u00e8re pr\u00e9cise et rapide. De plus, il peut r\u00e9pondre aux questions fr\u00e9quentes sur le menu, les ingr\u00e9dients et les allerg\u00e8nes, am\u00e9liorant ainsi l&rsquo;exp\u00e9rience client. Sa capacit\u00e9 \u00e0 offrir des recommandations personnalis\u00e9es aide \u00e0 cr\u00e9er une ambiance plus accueillante et satisfaisante, car les clients se sentent pris en charge et valoris\u00e9s.  <\/p>\n\n\n\n<h4 class=\"gb-headline gb-headline-ca338893 gb-headline-text\"><strong>Optimisation des processus<\/strong><\/h4>\n\n\n\n<p>L&rsquo;utilisation d&rsquo;Hiobot contribue \u00e0 l&rsquo;optimisation des processus op\u00e9rationnels au sein du restaurant. Il r\u00e9duit les temps d&rsquo;attente tant pour la prise de commandes que pour le service des plats, permettant au personnel humain de se concentrer sur des t\u00e2ches plus complexes et pertinentes. Cela am\u00e9liore non seulement l&rsquo;efficacit\u00e9 du service, mais peut \u00e9galement augmenter la rotation des tables et la satisfaction g\u00e9n\u00e9rale des clients.  <\/p>\n\n\n\n<h4 class=\"gb-headline gb-headline-bb2f0f22 gb-headline-text\"><strong>Int\u00e9gration technologique<\/strong><\/h4>\n\n\n\n<p>Hiobot peut facilement s&rsquo;int\u00e9grer aux syst\u00e8mes technologiques existants du restaurant, tels que le syst\u00e8me de point de vente (TPV) et les applications de gestion \u00ab des stocks. Cette int\u00e9gration permet une gestion unifi\u00e9e et efficace des op\u00e9rations, facilitant la synchronisation des donn\u00e9es en temps r\u00e9el. Ainsi, les propri\u00e9taires peuvent obtenir des rapports d\u00e9taill\u00e9s sur la performance de l&rsquo;entreprise et prendre des d\u00e9cisions \u00e9clair\u00e9es pour am\u00e9liorer l&rsquo; \u00bb efficacit\u00e9 et la rentabilit\u00e9.  <\/p>\n\n<\/div>\n<\/div>\n<\/div>\n<\/div><div class=\"gb-container gb-container-a706a96e\">\n<div class=\"gb-container gb-container-107e776e\">\n<div class=\"gb-container gb-container-a0b37045\">\n\n<figure class=\"gb-block-image gb-block-image-1158d5a8\"><img loading=\"lazy\" decoding=\"async\" width=\"81\" height=\"77\" class=\"gb-image gb-image-1158d5a8\" src=\"https:\/\/io3group.com\/wp-content\/uploads\/2024\/08\/Layer_1.png\" alt=\"\" title=\"Layer_1\"\/><\/figure>\n\n\n<div class=\"gb-container gb-container-19652f2d\">\n<div class=\"gb-container gb-container-9057ffec\">\n\n<h2 class=\"gb-headline gb-headline-88dd2245 gb-headline-text\"><strong>Accessoires<\/strong><\/h2>\n\n\n\n<p class=\"has-text-align-center\"><br\/>Nous disposons \u00ab d&rsquo;une large gamme d&rsquo; \u00bb accessoires tels que des imprimantes, des \u00e9crans de cuisine, des Pinpad, des lecteurs de codes-barres, pour compl\u00e9ter les solutions HIOPOS et optimiser la gestion de votre \u00e9tablissement.<\/p>\n\n<\/div>\n<\/div>\n\n<div class=\"gb-container gb-container-459a37e6 gbp-section__inner\">\n<div class=\"gb-grid-wrapper gb-grid-wrapper-18a2331a\">\n<div class=\"gb-grid-column gb-grid-column-cbb3f28c\"><div class=\"gb-container gb-container-cbb3f28c\">\n\n<figure class=\"wp-block-image alignwide size-full\"><img loading=\"lazy\" decoding=\"async\" width=\"398\" height=\"398\" src=\"https:\/\/io3group.com\/wp-content\/uploads\/2024\/10\/kitchen-screen.webp\" alt=\"\" class=\"wp-image-1051\" srcset=\"https:\/\/io3group.com\/wp-content\/uploads\/2024\/10\/kitchen-screen.webp 398w, https:\/\/io3group.com\/wp-content\/uploads\/2024\/10\/kitchen-screen-300x300.webp 300w, https:\/\/io3group.com\/wp-content\/uploads\/2024\/10\/kitchen-screen-150x150.webp 150w\" sizes=\"auto, (max-width: 398px) 100vw, 398px\" \/><\/figure>\n\n\n\n<h4 class=\"gb-headline gb-headline-f83861a9 gb-headline-text\"><strong>\u00c9crans de cuisine<\/strong><\/h4>\n\n\n\n<p class=\"has-text-align-center\">Un \u00e9cran clair et simple pour garder le contr\u00f4le total des commandes en cuisine.<\/p>\n\n<\/div><\/div>\n\n<div class=\"gb-grid-column gb-grid-column-29c36d83\"><div class=\"gb-container gb-container-29c36d83\">\n\n<figure class=\"wp-block-image alignwide size-full\"><img loading=\"lazy\" decoding=\"async\" width=\"398\" height=\"398\" src=\"https:\/\/io3group.com\/wp-content\/uploads\/2024\/10\/barcode.webp\" alt=\"\" class=\"wp-image-1048\" srcset=\"https:\/\/io3group.com\/wp-content\/uploads\/2024\/10\/barcode.webp 398w, https:\/\/io3group.com\/wp-content\/uploads\/2024\/10\/barcode-300x300.webp 300w, https:\/\/io3group.com\/wp-content\/uploads\/2024\/10\/barcode-150x150.webp 150w\" sizes=\"auto, (max-width: 398px) 100vw, 398px\" \/><\/figure>\n\n\n\n<h4 class=\"gb-headline gb-headline-25766094 gb-headline-text\"><strong>Lecteur de codes<\/strong><\/h4>\n\n\n\n<p class=\"has-text-align-center\">Scanner manuel \u00ab haute fiabilit\u00e9 pour la lecture d&rsquo; \u00bb articles avec code-barres.<\/p>\n\n<\/div><\/div>\n\n<div class=\"gb-grid-column gb-grid-column-6a656e7d\"><div class=\"gb-container gb-container-6a656e7d\">\n\n<figure class=\"wp-block-image size-full\"><img loading=\"lazy\" decoding=\"async\" width=\"398\" height=\"398\" src=\"https:\/\/io3group.com\/wp-content\/uploads\/2024\/10\/pinpad.webp\" alt=\"\" class=\"wp-image-1052\" srcset=\"https:\/\/io3group.com\/wp-content\/uploads\/2024\/10\/pinpad.webp 398w, https:\/\/io3group.com\/wp-content\/uploads\/2024\/10\/pinpad-300x300.webp 300w, https:\/\/io3group.com\/wp-content\/uploads\/2024\/10\/pinpad-150x150.webp 150w\" sizes=\"auto, (max-width: 398px) 100vw, 398px\" \/><\/figure>\n\n\n\n<h4 class=\"gb-headline gb-headline-8dd7f435 gb-headline-text\"><strong>PinPad<\/strong><\/h4>\n\n\n\n<p class=\"has-text-align-center\">Terminal pour paiements par carte avec capteur sans contact.<\/p>\n\n<\/div><\/div>\n\n<div class=\"gb-grid-column gb-grid-column-84eec84f\"><div class=\"gb-container gb-container-84eec84f\">\n\n<figure class=\"wp-block-image size-full\"><img loading=\"lazy\" decoding=\"async\" width=\"398\" height=\"398\" src=\"https:\/\/io3group.com\/wp-content\/uploads\/2024\/10\/ts10.webp\" alt=\"\" class=\"wp-image-1055\" srcset=\"https:\/\/io3group.com\/wp-content\/uploads\/2024\/10\/ts10.webp 398w, https:\/\/io3group.com\/wp-content\/uploads\/2024\/10\/ts10-300x300.webp 300w, https:\/\/io3group.com\/wp-content\/uploads\/2024\/10\/ts10-150x150.webp 150w\" sizes=\"auto, (max-width: 398px) 100vw, 398px\" \/><\/figure>\n\n\n\n<h4 class=\"gb-headline gb-headline-b33ff58d gb-headline-text\"><strong>Balance<\/strong><\/h4>\n\n\n\n<p class=\"has-text-align-center\">Pour g\u00e9rer la vente de produits au poids.<\/p>\n\n<\/div><\/div>\n<\/div>\n<\/div>\n<\/div>\n\n<div class=\"gb-grid-wrapper gb-grid-wrapper-1f8df020\">\n<div class=\"gb-grid-column gb-grid-column-83ae58e7\"><div class=\"gb-container gb-container-83ae58e7\">\n\n<figure class=\"wp-block-image size-full\"><img loading=\"lazy\" decoding=\"async\" width=\"398\" height=\"398\" src=\"https:\/\/io3group.com\/wp-content\/uploads\/2024\/10\/ticket-printer.webp\" alt=\"\" class=\"wp-image-1054\" srcset=\"https:\/\/io3group.com\/wp-content\/uploads\/2024\/10\/ticket-printer.webp 398w, https:\/\/io3group.com\/wp-content\/uploads\/2024\/10\/ticket-printer-300x300.webp 300w, https:\/\/io3group.com\/wp-content\/uploads\/2024\/10\/ticket-printer-150x150.webp 150w\" sizes=\"auto, (max-width: 398px) 100vw, 398px\" \/><\/figure>\n\n\n\n<h4 class=\"gb-headline gb-headline-8955f686 gb-headline-text\"><strong>Imprimante thermique<\/strong><\/h4>\n\n\n\n<p class=\"has-text-align-center\">Avec LED frontale et alertes sonores et lumineuses.<\/p>\n\n<\/div><\/div>\n\n<div class=\"gb-grid-column gb-grid-column-380d20cd\"><div class=\"gb-container gb-container-380d20cd\">\n\n<figure class=\"wp-block-image size-full\"><img loading=\"lazy\" decoding=\"async\" width=\"398\" height=\"398\" src=\"https:\/\/io3group.com\/wp-content\/uploads\/2024\/10\/card-reader.webp\" alt=\"\" class=\"wp-image-1049\" srcset=\"https:\/\/io3group.com\/wp-content\/uploads\/2024\/10\/card-reader.webp 398w, https:\/\/io3group.com\/wp-content\/uploads\/2024\/10\/card-reader-300x300.webp 300w, https:\/\/io3group.com\/wp-content\/uploads\/2024\/10\/card-reader-150x150.webp 150w\" sizes=\"auto, (max-width: 398px) 100vw, 398px\" \/><\/figure>\n\n\n\n<h4 class=\"gb-headline gb-headline-bc2d71d7 gb-headline-text\"><strong>Lecteurs de cartes<\/strong><\/h4>\n\n\n\n<p class=\"has-text-align-center\">Lecture sp\u00e9cifique de cartes pour employ\u00e9s et collaborateurs.<\/p>\n\n<\/div><\/div>\n\n<div class=\"gb-grid-column gb-grid-column-ecaea904\"><div class=\"gb-container gb-container-ecaea904\">\n\n<figure class=\"wp-block-image size-full\"><img loading=\"lazy\" decoding=\"async\" width=\"398\" height=\"398\" src=\"https:\/\/io3group.com\/wp-content\/uploads\/2024\/10\/printer-hiopos.webp\" alt=\"\" class=\"wp-image-1053\" srcset=\"https:\/\/io3group.com\/wp-content\/uploads\/2024\/10\/printer-hiopos.webp 398w, https:\/\/io3group.com\/wp-content\/uploads\/2024\/10\/printer-hiopos-300x300.webp 300w, https:\/\/io3group.com\/wp-content\/uploads\/2024\/10\/printer-hiopos-150x150.webp 150w\" sizes=\"auto, (max-width: 398px) 100vw, 398px\" \/><\/figure>\n\n\n\n<h4 class=\"gb-headline gb-headline-ea53ecb9 gb-headline-text\"><strong>\u00c9tiqueteuses<\/strong><\/h4>\n\n\n\n<p class=\"has-text-align-center\">Id\u00e9al pour imprimer les \u00e9tiquettes de vos produits.<\/p>\n\n<\/div><\/div>\n\n<div class=\"gb-grid-column gb-grid-column-fb7d7860\"><div class=\"gb-container gb-container-fb7d7860\">\n\n<figure class=\"wp-block-image size-full\"><img loading=\"lazy\" decoding=\"async\" width=\"398\" height=\"398\" src=\"https:\/\/io3group.com\/wp-content\/uploads\/2024\/10\/cash-drawer.webp\" alt=\"\" class=\"wp-image-1050\" srcset=\"https:\/\/io3group.com\/wp-content\/uploads\/2024\/10\/cash-drawer.webp 398w, https:\/\/io3group.com\/wp-content\/uploads\/2024\/10\/cash-drawer-300x300.webp 300w, https:\/\/io3group.com\/wp-content\/uploads\/2024\/10\/cash-drawer-150x150.webp 150w\" sizes=\"auto, (max-width: 398px) 100vw, 398px\" \/><\/figure>\n\n\n\n<h4 class=\"gb-headline gb-headline-000608e3 gb-headline-text\"><strong>Tiroir-caisse<\/strong><\/h4>\n\n\n\n<p class=\"has-text-align-center\">Tiroir automatique avec compartiments pour billets et pi\u00e8ces.<\/p>\n\n<\/div><\/div>\n<\/div>\n<\/div>\n<\/div>\n<p><\/p>\n","protected":false},"excerpt":{"rendered":"<p>Tous les outils que vous imaginez. Et m\u00eame plus. HIOPOS \u00ab vous offre autant d&rsquo;options de configuration que vous pouvez imaginer. Des syst\u00e8mes tr\u00e8s simples bas\u00e9s pratiquement \u00e0 100 % sur le cloud, jusqu&rsquo;\u00e0 un \u00e9cosyst\u00e8me complet pouvant inclure des caisses en \u00bb libre-service, des TPV, des balances et m\u00eame des robots de service. GESTION &#8230; <a title=\"Solutions\" class=\"read-more\" href=\"https:\/\/io3group.com\/fr\/solutions\/\" aria-label=\"En savoir plus sur Solutions\">Lire plus<\/a><\/p>\n","protected":false},"author":1,"featured_media":0,"parent":0,"menu_order":0,"comment_status":"closed","ping_status":"closed","template":"","meta":{"inline_featured_image":false,"footnotes":""},"class_list":["post-1778","page","type-page","status-publish"],"_links":{"self":[{"href":"https:\/\/io3group.com\/fr\/wp-json\/wp\/v2\/pages\/1778","targetHints":{"allow":["GET"]}}],"collection":[{"href":"https:\/\/io3group.com\/fr\/wp-json\/wp\/v2\/pages"}],"about":[{"href":"https:\/\/io3group.com\/fr\/wp-json\/wp\/v2\/types\/page"}],"author":[{"embeddable":true,"href":"https:\/\/io3group.com\/fr\/wp-json\/wp\/v2\/users\/1"}],"replies":[{"embeddable":true,"href":"https:\/\/io3group.com\/fr\/wp-json\/wp\/v2\/comments?post=1778"}],"version-history":[{"count":1,"href":"https:\/\/io3group.com\/fr\/wp-json\/wp\/v2\/pages\/1778\/revisions"}],"predecessor-version":[{"id":1779,"href":"https:\/\/io3group.com\/fr\/wp-json\/wp\/v2\/pages\/1778\/revisions\/1779"}],"wp:attachment":[{"href":"https:\/\/io3group.com\/fr\/wp-json\/wp\/v2\/media?parent=1778"}],"curies":[{"name":"wp","href":"https:\/\/api.w.org\/{rel}","templated":true}]}}