{"id":1848,"date":"2024-09-26T09:04:44","date_gmt":"2024-09-26T09:04:44","guid":{"rendered":"https:\/\/io3group.com\/la-methode-io3\/"},"modified":"2025-08-05T15:39:18","modified_gmt":"2025-08-05T15:39:18","slug":"la-methode-io3","status":"publish","type":"page","link":"https:\/\/io3group.com\/fr\/la-methode-io3\/","title":{"rendered":"La m\u00e9thode IO3"},"content":{"rendered":"<div class=\"gb-container gb-container-42c3c3f4\">\n<div class=\"gb-container gb-container-6c048740\">\n<div class=\"gb-container gb-container-cba47ebe\">\n<div class=\"gb-container gb-container-7603a9ec\">\n\n<h3 class=\"gb-headline gb-headline-e894bb7b gb-headline-text\">LA M\u00c9THODE IO3<\/h3>\n\n\n\n<h2 class=\"gb-headline gb-headline-8c3236cc gb-headline-text\">Nous stimulons votre r\u00e9ussite, car elle sera aussi la n\u00f4tre.<\/h2>\n\n<\/div>\n\n<div class=\"gb-container gb-container-12892660\">\n\n<p style=\"font-style:normal;font-weight:400\">Chez IO3, nous ne nous contentons pas de vendre et d&rsquo;installer un logiciel efficace pour votre entreprise. Chaque cas est unique, c&rsquo;est pourquoi nous nous effor\u00e7ons de bien comprendre les caract\u00e9ristiques de chaque projet pour adapter la solution \u00e0 chaque situation. Nous proposons des solutions simples ou inattendues pour am\u00e9liorer les flux de travail actuels et futurs de l&rsquo;entreprise.<\/p>\n\n\n\n<p>Notre objectif est de faire fonctionner votre entreprise de mani\u00e8re fluide, efficace et simple. Ainsi, vous pouvez la faire grandir. Et votre croissance peut aussi refl\u00e9ter la n\u00f4tre.<\/p>\n\n<\/div>\n<\/div>\n\n<div class=\"gb-container gb-container-55561006\">\n<div class=\"gb-container gb-container-2b58aca8\">\n<div class=\"wp-block-image\">\n<figure class=\"aligncenter size-full is-resized\"><img loading=\"lazy\" decoding=\"async\" width=\"1480\" height=\"833\" src=\"https:\/\/io3group.com\/wp-content\/uploads\/2024\/09\/exit-edited.webp\" alt=\"\" class=\"wp-image-930\" style=\"width:1121px;height:auto\" srcset=\"https:\/\/io3group.com\/wp-content\/uploads\/2024\/09\/exit-edited.webp 1480w, https:\/\/io3group.com\/wp-content\/uploads\/2024\/09\/exit-edited-300x169.webp 300w, https:\/\/io3group.com\/wp-content\/uploads\/2024\/09\/exit-edited-1024x576.webp 1024w, https:\/\/io3group.com\/wp-content\/uploads\/2024\/09\/exit-edited-768x432.webp 768w\" sizes=\"auto, (max-width: 1480px) 100vw, 1480px\" \/><\/figure>\n<\/div>\n<\/div>\n<\/div>\n<\/div>\n\n<div class=\"gb-container gb-container-36235db9\">\n<div class=\"gb-container gb-container-2484a341\">\n<div class=\"gb-container gb-container-66d19059\">\n\n<figure class=\"wp-block-image size-full\"><img loading=\"lazy\" decoding=\"async\" width=\"970\" height=\"648\" src=\"https:\/\/io3group.com\/wp-content\/uploads\/2024\/09\/Captura-de-pantalla-2024-09-26-a-les-11.18.30.png\" alt=\"\" class=\"wp-image-931\" srcset=\"https:\/\/io3group.com\/wp-content\/uploads\/2024\/09\/Captura-de-pantalla-2024-09-26-a-les-11.18.30.png 970w, https:\/\/io3group.com\/wp-content\/uploads\/2024\/09\/Captura-de-pantalla-2024-09-26-a-les-11.18.30-300x200.png 300w, https:\/\/io3group.com\/wp-content\/uploads\/2024\/09\/Captura-de-pantalla-2024-09-26-a-les-11.18.30-768x513.png 768w\" sizes=\"auto, (max-width: 970px) 100vw, 970px\" \/><\/figure>\n\n<\/div>\n\n<div class=\"gb-container gb-container-0d2e9361\">\n\n<p style=\"font-size:20px;font-style:normal;font-weight:400\">Notre mission principale est de guider le processus de transition technologique et d&rsquo;accompagner nos clients pendant la mise en \u0153uvre, en assurant l&rsquo;atteinte de leurs objectifs et en surmontant tout obstacle qui pourrait survenir. Nous op\u00e9rons en Andorre, en France et en Espagne, avec des bureaux en Andorre et \u00e0 Barcelone.<br\/><br\/>Nous collaborons \u00e9troitement avec diverses entreprises du pays, en fournissant un large \u00e9ventail de solutions allant de l&rsquo;impl\u00e9mentation physique et logique de l&rsquo;infrastructure au mat\u00e9riel, logiciel, communications et conseil. Chez io3group, nous adaptons notre approche aux besoins sp\u00e9cifiques de chaque client.<\/p>\n\n<\/div>\n<\/div>\n<\/div>\n\n<div class=\"gb-container gb-container-8b222cf6\">\n<div class=\"gb-container gb-container-9da95ce4\">\n<div class=\"gb-container gb-container-acd24549\">\n\n<p style=\"font-size:20px;font-style:normal;font-weight:400\">En tant que Hiopos Partner Specialists, nous offrons des services sp\u00e9cialis\u00e9s dans l&rsquo;impl\u00e9mentation et le support des solutions Hiopos. Notre exp\u00e9rience et nos connaissances nous permettent d&rsquo;apporter une valeur ajout\u00e9e \u00e0 nos clients, garantissant une int\u00e9gration parfaite et une optimisation des ressources.<\/p>\n\n<\/div>\n\n<div class=\"gb-container gb-container-a903234b\">\n\n<figure class=\"gb-block-image gb-block-image-9d32909e\"><img loading=\"lazy\" decoding=\"async\" width=\"1500\" height=\"929\" class=\"gb-image gb-image-9d32909e\" src=\"https:\/\/io3group.com\/wp-content\/uploads\/2024\/09\/tpv.png\" alt=\"\" title=\"TPV\" srcset=\"https:\/\/io3group.com\/wp-content\/uploads\/2024\/09\/tpv.png 1500w, https:\/\/io3group.com\/wp-content\/uploads\/2024\/09\/tpv-300x186.png 300w, https:\/\/io3group.com\/wp-content\/uploads\/2024\/09\/tpv-1024x634.png 1024w, https:\/\/io3group.com\/wp-content\/uploads\/2024\/09\/tpv-768x476.png 768w\" sizes=\"auto, (max-width: 1500px) 100vw, 1500px\" \/><\/figure>\n\n<\/div>\n<\/div>\n<\/div>\n<\/div>","protected":false},"excerpt":{"rendered":"<p>LA M\u00c9THODE IO3 Nous stimulons votre r\u00e9ussite, car elle sera aussi la n\u00f4tre. Chez IO3, nous ne nous contentons pas de vendre et d&rsquo;installer un logiciel efficace pour votre entreprise. Chaque cas est unique, c&rsquo;est pourquoi nous nous effor\u00e7ons de bien comprendre les caract\u00e9ristiques de chaque projet pour adapter la solution \u00e0 chaque situation. Nous &#8230; <a title=\"La m\u00e9thode IO3\" class=\"read-more\" href=\"https:\/\/io3group.com\/fr\/la-methode-io3\/\" aria-label=\"En savoir plus sur La m\u00e9thode IO3\">Lire plus<\/a><\/p>\n","protected":false},"author":2,"featured_media":0,"parent":0,"menu_order":0,"comment_status":"closed","ping_status":"closed","template":"","meta":{"inline_featured_image":false,"footnotes":""},"class_list":["post-1848","page","type-page","status-publish"],"_links":{"self":[{"href":"https:\/\/io3group.com\/fr\/wp-json\/wp\/v2\/pages\/1848","targetHints":{"allow":["GET"]}}],"collection":[{"href":"https:\/\/io3group.com\/fr\/wp-json\/wp\/v2\/pages"}],"about":[{"href":"https:\/\/io3group.com\/fr\/wp-json\/wp\/v2\/types\/page"}],"author":[{"embeddable":true,"href":"https:\/\/io3group.com\/fr\/wp-json\/wp\/v2\/users\/2"}],"replies":[{"embeddable":true,"href":"https:\/\/io3group.com\/fr\/wp-json\/wp\/v2\/comments?post=1848"}],"version-history":[{"count":1,"href":"https:\/\/io3group.com\/fr\/wp-json\/wp\/v2\/pages\/1848\/revisions"}],"predecessor-version":[{"id":1849,"href":"https:\/\/io3group.com\/fr\/wp-json\/wp\/v2\/pages\/1848\/revisions\/1849"}],"wp:attachment":[{"href":"https:\/\/io3group.com\/fr\/wp-json\/wp\/v2\/media?parent=1848"}],"curies":[{"name":"wp","href":"https:\/\/api.w.org\/{rel}","templated":true}]}}